{"id":2183,"date":"2025-03-17T16:41:44","date_gmt":"2025-03-17T16:41:44","guid":{"rendered":"https:\/\/growincoco.com\/product\/growincoco-kokosvezel-substraat-voor-orchideeen-5l\/"},"modified":"2025-05-13T11:23:16","modified_gmt":"2025-05-13T11:23:16","slug":"growincoco-kokosvezel-substraat-voor-orchideeen-5l","status":"publish","type":"product","link":"https:\/\/growincoco.com\/fr\/product\/growincoco-kokosvezel-substraat-voor-orchideeen-5l\/","title":{"rendered":"Substrat de fibre de coco pour orchidees &#8211; 3L"},"content":{"rendered":"<p>Offrez \u00e0 vos orchid\u00e9es une base de croissance parfaite avec ce substrat en fibre de coco 100 % sans tourbe. Gr\u00e2ce \u00e0 son excellente gestion de l&rsquo;eau, \u00e0 sa structure a\u00e9r\u00e9e et \u00e0 son absorption des nutriments, il favorise le d\u00e9veloppement de racines saines et d&rsquo;une plante forte et florissante. Biod\u00e9gradable et durable, il est id\u00e9al pour un jardinage respectueux de l&rsquo;environnement.<\/p>\n","protected":false},"excerpt":{"rendered":"<p>Offrez \u00e0 vos orchid\u00e9es une base de croissance parfaite avec ce substrat en fibre de coco 100 % sans tourbe. Gr\u00e2ce \u00e0 son excellente gestion de l&rsquo;eau, \u00e0 sa structure a\u00e9r\u00e9e et \u00e0 son absorption des nutriments, il favorise le d\u00e9veloppement de racines saines et d&rsquo;une plante forte et florissante. Biod\u00e9gradable et durable, il est id\u00e9al pour un jardinage respectueux de l&rsquo;environnement.<\/p>\n","protected":false},"featured_media":1170,"comment_status":"closed","ping_status":"closed","template":"","meta":{"_acf_changed":false},"product_brand":[],"product_cat":[80],"product_tag":[],"class_list":{"0":"post-2183","1":"product","2":"type-product","3":"status-publish","4":"has-post-thumbnail","6":"product_cat-substraat-2-fr","8":"first","9":"instock","10":"shipping-taxable","11":"product-type-simple"},"acf":[],"_links":{"self":[{"href":"https:\/\/growincoco.com\/fr\/wp-json\/wp\/v2\/product\/2183","targetHints":{"allow":["GET"]}}],"collection":[{"href":"https:\/\/growincoco.com\/fr\/wp-json\/wp\/v2\/product"}],"about":[{"href":"https:\/\/growincoco.com\/fr\/wp-json\/wp\/v2\/types\/product"}],"replies":[{"embeddable":true,"href":"https:\/\/growincoco.com\/fr\/wp-json\/wp\/v2\/comments?post=2183"}],"wp:featuredmedia":[{"embeddable":true,"href":"https:\/\/growincoco.com\/fr\/wp-json\/wp\/v2\/media\/1170"}],"wp:attachment":[{"href":"https:\/\/growincoco.com\/fr\/wp-json\/wp\/v2\/media?parent=2183"}],"wp:term":[{"taxonomy":"product_brand","embeddable":true,"href":"https:\/\/growincoco.com\/fr\/wp-json\/wp\/v2\/product_brand?post=2183"},{"taxonomy":"product_cat","embeddable":true,"href":"https:\/\/growincoco.com\/fr\/wp-json\/wp\/v2\/product_cat?post=2183"},{"taxonomy":"product_tag","embeddable":true,"href":"https:\/\/growincoco.com\/fr\/wp-json\/wp\/v2\/product_tag?post=2183"}],"curies":[{"name":"wp","href":"https:\/\/api.w.org\/{rel}","templated":true}]}}