{"id":2181,"date":"2025-03-18T15:27:22","date_gmt":"2025-03-18T15:27:22","guid":{"rendered":"https:\/\/growincoco.com\/product\/kokosvezel-substraat-voor-kamerplanten-3l\/"},"modified":"2025-05-13T11:09:00","modified_gmt":"2025-05-13T11:09:00","slug":"kokosvezel-substraat-voor-kamerplanten-3l","status":"publish","type":"product","link":"https:\/\/growincoco.com\/fr\/product\/kokosvezel-substraat-voor-kamerplanten-3l\/","title":{"rendered":"Substrat de fibre de coco pour plantes d&rsquo;interieur &#8211; 3L"},"content":{"rendered":"<p>Offrez \u00e0 vos plantes d&rsquo;int\u00e9rieur une base de croissance parfaite avec ce substrat en fibre de coco 100 % sans tourbe. Gr\u00e2ce \u00e0 son excellente r\u00e9tention d&rsquo;eau, \u00e0 sa structure a\u00e9r\u00e9e et \u00e0 son absorption optimale des nutriments, il favorise une croissance saine des racines et une plante vigoureuse et luxuriante. Biod\u00e9gradable et durable, il est id\u00e9al pour un jardinage respectueux de l&rsquo;environnement.<\/p>\n","protected":false},"excerpt":{"rendered":"<p>Offrez \u00e0 vos plantes d&rsquo;int\u00e9rieur une base de croissance parfaite avec ce substrat en fibre de coco 100 % sans tourbe. Gr\u00e2ce \u00e0 son excellente r\u00e9tention d&rsquo;eau, \u00e0 sa structure a\u00e9r\u00e9e et \u00e0 son absorption optimale des nutriments, il favorise une croissance saine des racines et une plante vigoureuse et luxuriante. Biod\u00e9gradable et durable, il est id\u00e9al pour un jardinage respectueux de l&rsquo;environnement.<\/p>\n","protected":false},"featured_media":1122,"comment_status":"closed","ping_status":"closed","template":"","meta":{"_acf_changed":false},"product_brand":[],"product_cat":[80],"product_tag":[],"class_list":{"0":"post-2181","1":"product","2":"type-product","3":"status-publish","4":"has-post-thumbnail","6":"product_cat-substraat-2-fr","8":"first","9":"instock","10":"shipping-taxable","11":"product-type-simple"},"acf":[],"_links":{"self":[{"href":"https:\/\/growincoco.com\/fr\/wp-json\/wp\/v2\/product\/2181","targetHints":{"allow":["GET"]}}],"collection":[{"href":"https:\/\/growincoco.com\/fr\/wp-json\/wp\/v2\/product"}],"about":[{"href":"https:\/\/growincoco.com\/fr\/wp-json\/wp\/v2\/types\/product"}],"replies":[{"embeddable":true,"href":"https:\/\/growincoco.com\/fr\/wp-json\/wp\/v2\/comments?post=2181"}],"wp:featuredmedia":[{"embeddable":true,"href":"https:\/\/growincoco.com\/fr\/wp-json\/wp\/v2\/media\/1122"}],"wp:attachment":[{"href":"https:\/\/growincoco.com\/fr\/wp-json\/wp\/v2\/media?parent=2181"}],"wp:term":[{"taxonomy":"product_brand","embeddable":true,"href":"https:\/\/growincoco.com\/fr\/wp-json\/wp\/v2\/product_brand?post=2181"},{"taxonomy":"product_cat","embeddable":true,"href":"https:\/\/growincoco.com\/fr\/wp-json\/wp\/v2\/product_cat?post=2181"},{"taxonomy":"product_tag","embeddable":true,"href":"https:\/\/growincoco.com\/fr\/wp-json\/wp\/v2\/product_tag?post=2181"}],"curies":[{"name":"wp","href":"https:\/\/api.w.org\/{rel}","templated":true}]}}