{"id":2180,"date":"2025-03-18T15:27:32","date_gmt":"2025-03-18T15:27:32","guid":{"rendered":"https:\/\/growincoco.com\/product\/kokosvezel-substraat-voor-orchideeen-5l-copy-copy\/"},"modified":"2025-05-13T10:57:14","modified_gmt":"2025-05-13T10:57:14","slug":"kokosvezel-substraat-voor-orchideeen-5l-copy-copy","status":"publish","type":"product","link":"https:\/\/growincoco.com\/fr\/product\/kokosvezel-substraat-voor-orchideeen-5l-copy-copy\/","title":{"rendered":"Substrat en fibre de coco pour Cact\u00e9es\/Succulentes &#8211; 3L"},"content":{"rendered":"<p>Offrez \u00e0 vos cactus et plantes grasses une base de croissance parfaite avec ce substrat en fibre de coco 100 % sans tourbe. Gr\u00e2ce \u00e0 sa structure a\u00e9r\u00e9e et \u00e0 son excellent drainage, il pr\u00e9vient le pourrissement des racines et favorise leur d\u00e9veloppement. Ce substrat durable et biod\u00e9gradable est id\u00e9al pour des plantes fortes et saines et pour un jardinage respectueux de l&rsquo;environnement.<\/p>\n","protected":false},"excerpt":{"rendered":"<p>Offrez \u00e0 vos cactus et plantes grasses une base de croissance parfaite avec ce substrat en fibre de coco 100 % sans tourbe. Gr\u00e2ce \u00e0 sa structure a\u00e9r\u00e9e et \u00e0 son excellent drainage, il pr\u00e9vient le pourrissement des racines et favorise leur d\u00e9veloppement. Ce substrat durable et biod\u00e9gradable est id\u00e9al pour des plantes fortes et saines et pour un jardinage respectueux de l&rsquo;environnement.<\/p>\n","protected":false},"featured_media":1054,"comment_status":"closed","ping_status":"closed","template":"","meta":{"_acf_changed":false},"product_brand":[],"product_cat":[80],"product_tag":[],"class_list":{"0":"post-2180","1":"product","2":"type-product","3":"status-publish","4":"has-post-thumbnail","6":"product_cat-substraat-2-fr","8":"first","9":"instock","10":"shipping-taxable","11":"product-type-simple"},"acf":[],"_links":{"self":[{"href":"https:\/\/growincoco.com\/fr\/wp-json\/wp\/v2\/product\/2180","targetHints":{"allow":["GET"]}}],"collection":[{"href":"https:\/\/growincoco.com\/fr\/wp-json\/wp\/v2\/product"}],"about":[{"href":"https:\/\/growincoco.com\/fr\/wp-json\/wp\/v2\/types\/product"}],"replies":[{"embeddable":true,"href":"https:\/\/growincoco.com\/fr\/wp-json\/wp\/v2\/comments?post=2180"}],"wp:featuredmedia":[{"embeddable":true,"href":"https:\/\/growincoco.com\/fr\/wp-json\/wp\/v2\/media\/1054"}],"wp:attachment":[{"href":"https:\/\/growincoco.com\/fr\/wp-json\/wp\/v2\/media?parent=2180"}],"wp:term":[{"taxonomy":"product_brand","embeddable":true,"href":"https:\/\/growincoco.com\/fr\/wp-json\/wp\/v2\/product_brand?post=2180"},{"taxonomy":"product_cat","embeddable":true,"href":"https:\/\/growincoco.com\/fr\/wp-json\/wp\/v2\/product_cat?post=2180"},{"taxonomy":"product_tag","embeddable":true,"href":"https:\/\/growincoco.com\/fr\/wp-json\/wp\/v2\/product_tag?post=2180"}],"curies":[{"name":"wp","href":"https:\/\/api.w.org\/{rel}","templated":true}]}}