{"id":2178,"date":"2025-03-19T08:27:10","date_gmt":"2025-03-19T08:27:10","guid":{"rendered":"https:\/\/growincoco.com\/product\/zesty-harmony-grow-your-own-tea-copy-copy\/"},"modified":"2025-05-13T10:43:10","modified_gmt":"2025-05-13T10:43:10","slug":"zesty-harmony-grow-your-own-tea-copy-copy","status":"publish","type":"product","link":"https:\/\/growincoco.com\/fr\/product\/zesty-harmony-grow-your-own-tea-copy-copy\/","title":{"rendered":"Peppery Crunch &#8211; Cultivez vos propres microgreens"},"content":{"rendered":"<p data-start=\"497\" data-end=\"763\">Vous voulez cultiver chez vous des <strong data-start=\"523\" data-end=\"538\">microgreens<\/strong> tr\u00e8s sains ? Avec le kit <strong data-start=\"554\" data-end=\"586\">Tiny Treats &#8211; Peppery Crunch<\/strong>, vous cultiverez sans effort des <strong data-start=\"611\" data-end=\"644\">microgreens de radis et de roquette<\/strong>, pleins de vitamines et d&rsquo;une d\u00e9licieuse saveur \u00e9pic\u00e9e. Id\u00e9ales pour les salades, les sandwichs, les bols et pour d\u00e9corer les plats !<\/p>\n<p data-start=\"765\" data-end=\"1086\">Ce <strong data-start=\"770\" data-end=\"792\">kit de bricolage tout-en-un<\/strong> comprend <strong data-start=\"799\" data-end=\"823\">2 bols r\u00e9utilisables<\/strong>, des <strong data-start=\"825\" data-end=\"846\">bouchons de gonflement de noix de coco<\/strong> et des <strong data-start=\"850\" data-end=\"867\">graines de qualit\u00e9 sup\u00e9rieure<\/strong>, pour que vous puissiez commencer sans terre ni tracas. En <strong data-start=\"922\" data-end=\"933\">7 jours<\/strong>, vous pouvez r\u00e9colter les premi\u00e8res pousses. Gr\u00e2ce aux <strong data-start=\"993\" data-end=\"1015\">cartes d&rsquo;entretien<\/strong> et aux <strong data-start=\"1019\" data-end=\"1034\">instructions<\/strong> incluses, ce projet est tr\u00e8s amusant, m\u00eame pour les d\u00e9butants.<\/p>\n<p data-start=\"1088\" data-end=\"1170\">Parfait comme cadeau durable ou pour cultiver vos propres herbes saines et fra\u00eeches \u00e0 la maison !<\/p>\n","protected":false},"excerpt":{"rendered":"<p>Cultivez vos propres herbes \u00e0 th\u00e9 avec le kit Zesty Harmony ! Appr\u00e9ciez les saveurs rafra\u00eechissantes de la menthe, de la camomille et de la m\u00e9lisse, cultiv\u00e9es directement dans votre cuisine.<\/p>\n","protected":false},"featured_media":1393,"comment_status":"closed","ping_status":"closed","template":"","meta":{"_acf_changed":false},"product_brand":[],"product_cat":[81],"product_tag":[],"class_list":{"0":"post-2178","1":"product","2":"type-product","3":"status-publish","4":"has-post-thumbnail","6":"product_cat-coco-fr","8":"first","9":"instock","10":"shipping-taxable","11":"product-type-simple"},"acf":[],"_links":{"self":[{"href":"https:\/\/growincoco.com\/fr\/wp-json\/wp\/v2\/product\/2178","targetHints":{"allow":["GET"]}}],"collection":[{"href":"https:\/\/growincoco.com\/fr\/wp-json\/wp\/v2\/product"}],"about":[{"href":"https:\/\/growincoco.com\/fr\/wp-json\/wp\/v2\/types\/product"}],"replies":[{"embeddable":true,"href":"https:\/\/growincoco.com\/fr\/wp-json\/wp\/v2\/comments?post=2178"}],"wp:featuredmedia":[{"embeddable":true,"href":"https:\/\/growincoco.com\/fr\/wp-json\/wp\/v2\/media\/1393"}],"wp:attachment":[{"href":"https:\/\/growincoco.com\/fr\/wp-json\/wp\/v2\/media?parent=2178"}],"wp:term":[{"taxonomy":"product_brand","embeddable":true,"href":"https:\/\/growincoco.com\/fr\/wp-json\/wp\/v2\/product_brand?post=2178"},{"taxonomy":"product_cat","embeddable":true,"href":"https:\/\/growincoco.com\/fr\/wp-json\/wp\/v2\/product_cat?post=2178"},{"taxonomy":"product_tag","embeddable":true,"href":"https:\/\/growincoco.com\/fr\/wp-json\/wp\/v2\/product_tag?post=2178"}],"curies":[{"name":"wp","href":"https:\/\/api.w.org\/{rel}","templated":true}]}}