{"id":2177,"date":"2025-03-19T08:27:23","date_gmt":"2025-03-19T08:27:23","guid":{"rendered":"https:\/\/growincoco.com\/product\/the-sprout-box-veggie-feast\/"},"modified":"2025-05-13T10:36:20","modified_gmt":"2025-05-13T10:36:20","slug":"the-sprout-box-veggie-feast","status":"publish","type":"product","link":"https:\/\/growincoco.com\/fr\/product\/the-sprout-box-veggie-feast\/","title":{"rendered":"La bo\u00eete \u00e0 germes &#8211; Mini-serre \u00e0 l\u00e9gumes"},"content":{"rendered":"<p data-start=\"508\" data-end=\"929\">Vous voulez cultiver vos propres l\u00e9gumes frais, mais vous manquez d&rsquo;espace ou d&rsquo;exp\u00e9rience ? <strong data-start=\"586\" data-end=\"619\">La Sprout Box &#8211; Veggie Feast<\/strong> est le <strong data-start=\"635\" data-end=\"649\">kit de d\u00e9marrage<\/strong> parfait pour votre <strong data-start=\"658\" data-end=\"684\">propre mini-potager<\/strong>! Cette <strong data-start=\"712\" data-end=\"731\">mini-serre<\/strong> compacte et durable offre des conditions de croissance optimales pour les <strong data-start=\"772\" data-end=\"807\">poivrons, les aubergines et les courgettes<\/strong>. Gr\u00e2ce aux <strong data-start=\"820\" data-end=\"841\">bouchons de gonflement en noix de coco<\/strong> et aux cartes d&rsquo;entretien incluses, vous pouvez facilement commencer \u00e0 cultiver, o\u00f9 que vous viviez.<\/p>\n<p data-start=\"931\" data-end=\"1200\">Les <strong data-start=\"934\" data-end=\"973\">bouchons de noix de coco biod\u00e9gradables<\/strong> favorisent une croissance saine des racines et conservent une humidit\u00e9 optimale, ce qui permet aux graines de germer rapidement. En quelques semaines, vous verrez les premi\u00e8res pousses et, gr\u00e2ce au <strong data-start=\"1137\" data-end=\"1154\">livret de recettes<\/strong> inclus, vous saurez imm\u00e9diatement quoi faire de votre r\u00e9colte !<\/p>\n<p data-start=\"1202\" data-end=\"1434\">Que vous soyez un jardinier exp\u00e9riment\u00e9 ou que vous d\u00e9butiez, cet ensemble rend le jardinage <strong data-start=\"1276\" data-end=\"1297\">facile et amusant<\/strong> &#8211; dans la cuisine, sur le balcon ou dans le jardin. Un cadeau id\u00e9al pour les <strong data-start=\"1368\" data-end=\"1433\">amateurs de jardinage, les enfants ou toute personne d\u00e9sireuse de vivre de mani\u00e8re plus durable<\/strong>.<\/p>\n","protected":false},"excerpt":{"rendered":"<p>D\u00e9marrez votre propre potager avec <strong data-start=\"224\" data-end=\"257\">The Sprout Box &#8211; Veggie Feast<\/strong>! Cette <strong data-start=\"273\" data-end=\"289\">mini-serre de bricolage<\/strong> compl\u00e8te contient tout ce dont vous avez besoin pour cultiver des <strong data-start=\"323\" data-end=\"358\">poivrons, des aubergines et des courgettes<\/strong>, y compris des graines, des bouchons et des instructions pratiques. Id\u00e9al pour les d\u00e9butants et les amateurs de jardinage !<\/p>\n","protected":false},"featured_media":1445,"comment_status":"closed","ping_status":"closed","template":"","meta":{"_acf_changed":false},"product_brand":[],"product_cat":[81],"product_tag":[],"class_list":{"0":"post-2177","1":"product","2":"type-product","3":"status-publish","4":"has-post-thumbnail","6":"product_cat-coco-fr","8":"first","9":"instock","10":"shipping-taxable","11":"product-type-simple"},"acf":[],"_links":{"self":[{"href":"https:\/\/growincoco.com\/fr\/wp-json\/wp\/v2\/product\/2177","targetHints":{"allow":["GET"]}}],"collection":[{"href":"https:\/\/growincoco.com\/fr\/wp-json\/wp\/v2\/product"}],"about":[{"href":"https:\/\/growincoco.com\/fr\/wp-json\/wp\/v2\/types\/product"}],"replies":[{"embeddable":true,"href":"https:\/\/growincoco.com\/fr\/wp-json\/wp\/v2\/comments?post=2177"}],"wp:featuredmedia":[{"embeddable":true,"href":"https:\/\/growincoco.com\/fr\/wp-json\/wp\/v2\/media\/1445"}],"wp:attachment":[{"href":"https:\/\/growincoco.com\/fr\/wp-json\/wp\/v2\/media?parent=2177"}],"wp:term":[{"taxonomy":"product_brand","embeddable":true,"href":"https:\/\/growincoco.com\/fr\/wp-json\/wp\/v2\/product_brand?post=2177"},{"taxonomy":"product_cat","embeddable":true,"href":"https:\/\/growincoco.com\/fr\/wp-json\/wp\/v2\/product_cat?post=2177"},{"taxonomy":"product_tag","embeddable":true,"href":"https:\/\/growincoco.com\/fr\/wp-json\/wp\/v2\/product_tag?post=2177"}],"curies":[{"name":"wp","href":"https:\/\/api.w.org\/{rel}","templated":true}]}}