{"id":2173,"date":"2025-04-11T14:15:04","date_gmt":"2025-04-11T14:15:04","guid":{"rendered":"https:\/\/growincoco.com\/product\/grow-in-coco-5l-coco-potgrondblok\/"},"modified":"2025-05-13T09:44:35","modified_gmt":"2025-05-13T09:44:35","slug":"grow-in-coco-5l-coco-potgrondblok","status":"publish","type":"product","link":"https:\/\/growincoco.com\/fr\/product\/grow-in-coco-5l-coco-potgrondblok\/","title":{"rendered":"Grow in Coco &#8211; Bloc de terreau Coco 5L"},"content":{"rendered":"<p class=\"\" data-start=\"518\" data-end=\"783\">Le bloc de terreau Grow in Coco de 5 litres est le choix durable pour tout amateur de plantes. Fabriqu\u00e9 \u00e0 partir de 100 % de fibres de coco, ce bloc offre une structure a\u00e9r\u00e9e, une excellente r\u00e9tention d&rsquo;eau et un pH neutre &#8211; tout ce dont vos plantes ont besoin pour se d\u00e9velopper sainement.<\/p>\n<p class=\"\" data-start=\"785\" data-end=\"989\">Ajoutez simplement 1,5 litre d&rsquo;eau ti\u00e8de et vous obtiendrez en 10 minutes 5 litres de terreau \u00e9cologique pr\u00eat \u00e0 l&#8217;emploi. Parfait pour les jardini\u00e8res, les pots, les serres ou les potagers.<\/p>\n<p class=\"\" data-start=\"991\" data-end=\"1120\">Que vous cultiviez des herbes sur votre balcon ou des fleurs dans votre jardin, ce bloc de coco est votre centrale compacte pour une croissance saine.<\/p>\n","protected":false},"excerpt":{"rendered":"<p>Un bloc puissant pour tous vos besoins en mati\u00e8re de rempotage et de jardinage ! Ajoutez de l&rsquo;eau et ce bloc compact de 300 grammes se transforme en 5 litres de terreau de coco a\u00e9r\u00e9 et nutritif. Id\u00e9al pour (re)mettre en pot les plantes d&rsquo;int\u00e9rieur, de jardin et de balcon.<\/p>\n","protected":false},"featured_media":1646,"comment_status":"closed","ping_status":"closed","template":"","meta":{"_acf_changed":false},"product_brand":[],"product_cat":[80],"product_tag":[],"class_list":{"0":"post-2173","1":"product","2":"type-product","3":"status-publish","4":"has-post-thumbnail","6":"product_cat-substraat-2-fr","8":"first","9":"instock","10":"shipping-taxable","11":"product-type-simple"},"acf":[],"_links":{"self":[{"href":"https:\/\/growincoco.com\/fr\/wp-json\/wp\/v2\/product\/2173","targetHints":{"allow":["GET"]}}],"collection":[{"href":"https:\/\/growincoco.com\/fr\/wp-json\/wp\/v2\/product"}],"about":[{"href":"https:\/\/growincoco.com\/fr\/wp-json\/wp\/v2\/types\/product"}],"replies":[{"embeddable":true,"href":"https:\/\/growincoco.com\/fr\/wp-json\/wp\/v2\/comments?post=2173"}],"wp:featuredmedia":[{"embeddable":true,"href":"https:\/\/growincoco.com\/fr\/wp-json\/wp\/v2\/media\/1646"}],"wp:attachment":[{"href":"https:\/\/growincoco.com\/fr\/wp-json\/wp\/v2\/media?parent=2173"}],"wp:term":[{"taxonomy":"product_brand","embeddable":true,"href":"https:\/\/growincoco.com\/fr\/wp-json\/wp\/v2\/product_brand?post=2173"},{"taxonomy":"product_cat","embeddable":true,"href":"https:\/\/growincoco.com\/fr\/wp-json\/wp\/v2\/product_cat?post=2173"},{"taxonomy":"product_tag","embeddable":true,"href":"https:\/\/growincoco.com\/fr\/wp-json\/wp\/v2\/product_tag?post=2173"}],"curies":[{"name":"wp","href":"https:\/\/api.w.org\/{rel}","templated":true}]}}