{"id":2172,"date":"2025-04-11T14:22:41","date_gmt":"2025-04-11T14:22:41","guid":{"rendered":"https:\/\/growincoco.com\/product\/grow-in-coco-10l-coco-potgrondblok\/"},"modified":"2025-05-13T09:41:03","modified_gmt":"2025-05-13T09:41:03","slug":"grow-in-coco-10l-coco-potgrondblok","status":"publish","type":"product","link":"https:\/\/growincoco.com\/fr\/product\/grow-in-coco-10l-coco-potgrondblok\/","title":{"rendered":"Grow in Coco &#8211; Bloc de terreau Coco 10L"},"content":{"rendered":"<p class=\"\" data-start=\"532\" data-end=\"799\">Le bloc de terreau Grow in Coco de 10 litres est un conditionneur de sol puissant et naturel, compos\u00e9 \u00e0 100 % de fibres de noix de coco. Gr\u00e2ce \u00e0 sa structure a\u00e9r\u00e9e, \u00e0 sa forte r\u00e9tention d&rsquo;eau et \u00e0 son pH neutre, ce substrat est parfait pour une forte croissance des racines et des plantes saines, \u00e0 l&rsquo;int\u00e9rieur comme \u00e0 l&rsquo;ext\u00e9rieur.<\/p>\n<p class=\"\" data-start=\"801\" data-end=\"989\">En ajoutant 2,5 litres d&rsquo;eau ti\u00e8de, le bloc gonfle en 10 minutes pour donner 10 litres de terreau pr\u00eat \u00e0 l&#8217;emploi. Utile pour les grandes plantes, les jardini\u00e8res, les tables de culture ou les potagers.<\/p>\n<p class=\"\" data-start=\"991\" data-end=\"1098\">Une alternative \u00e9cologique et pratique aux lourds sacs de terreau. Petit dans l&#8217;emballage, grand dans l&rsquo;effet.<\/p>\n","protected":false},"excerpt":{"rendered":"<p>D&rsquo;un petit bloc \u00e0 un grand r\u00e9sultat ! Ajoutez de l&rsquo;eau et ce bloc compact de 600 grammes se transforme en <strong data-start=\"387\" data-end=\"417\">10 litres de terreau a\u00e9r\u00e9<\/strong>. Id\u00e9al pour rempoter les plantes d&rsquo;int\u00e9rieur, les jardini\u00e8res et les projets de jardinage.<\/p>\n","protected":false},"featured_media":1673,"comment_status":"closed","ping_status":"closed","template":"","meta":{"_acf_changed":false},"product_brand":[],"product_cat":[80],"product_tag":[],"class_list":{"0":"post-2172","1":"product","2":"type-product","3":"status-publish","4":"has-post-thumbnail","6":"product_cat-substraat-2-fr","8":"first","9":"instock","10":"shipping-taxable","11":"product-type-simple"},"acf":[],"_links":{"self":[{"href":"https:\/\/growincoco.com\/fr\/wp-json\/wp\/v2\/product\/2172","targetHints":{"allow":["GET"]}}],"collection":[{"href":"https:\/\/growincoco.com\/fr\/wp-json\/wp\/v2\/product"}],"about":[{"href":"https:\/\/growincoco.com\/fr\/wp-json\/wp\/v2\/types\/product"}],"replies":[{"embeddable":true,"href":"https:\/\/growincoco.com\/fr\/wp-json\/wp\/v2\/comments?post=2172"}],"wp:featuredmedia":[{"embeddable":true,"href":"https:\/\/growincoco.com\/fr\/wp-json\/wp\/v2\/media\/1673"}],"wp:attachment":[{"href":"https:\/\/growincoco.com\/fr\/wp-json\/wp\/v2\/media?parent=2172"}],"wp:term":[{"taxonomy":"product_brand","embeddable":true,"href":"https:\/\/growincoco.com\/fr\/wp-json\/wp\/v2\/product_brand?post=2172"},{"taxonomy":"product_cat","embeddable":true,"href":"https:\/\/growincoco.com\/fr\/wp-json\/wp\/v2\/product_cat?post=2172"},{"taxonomy":"product_tag","embeddable":true,"href":"https:\/\/growincoco.com\/fr\/wp-json\/wp\/v2\/product_tag?post=2172"}],"curies":[{"name":"wp","href":"https:\/\/api.w.org\/{rel}","templated":true}]}}