{"id":2171,"date":"2025-04-11T14:27:36","date_gmt":"2025-04-11T14:27:36","guid":{"rendered":"https:\/\/growincoco.com\/product\/grow-in-coco-50l-coco-potgrondblok\/"},"modified":"2025-05-13T09:36:21","modified_gmt":"2025-05-13T09:36:21","slug":"grow-in-coco-50l-coco-potgrondblok","status":"publish","type":"product","link":"https:\/\/growincoco.com\/fr\/product\/grow-in-coco-50l-coco-potgrondblok\/","title":{"rendered":"Grow in Coco &#8211; Bloc de terreau Coco 50L"},"content":{"rendered":"<p class=\"\" data-start=\"504\" data-end=\"711\">Le bloc de terreau Grow in Coco 50L est le choix id\u00e9al pour tous ceux qui poss\u00e8dent un grand jardin, une serre ou un potager. Ce bloc de 3 kg est compos\u00e9 \u00e0 100 % de fibre de coco, un produit r\u00e9siduel naturel de l&rsquo;industrie de la noix de coco.<\/p>\n<p class=\"\" data-start=\"713\" data-end=\"1009\">Il suffit d&rsquo;ajouter de l&rsquo;eau pour que le bloc se transforme en quelques minutes en 50 litres de terreau de coco a\u00e9r\u00e9 et nutritif. Gr\u00e2ce \u00e0 son excellente r\u00e9tention d&rsquo;eau, \u00e0 sa structure a\u00e9r\u00e9e et \u00e0 son pH neutre, ce substrat est parfait pour cultiver des plantes fortes et saines &#8211; des l\u00e9gumes aux plantes vivaces.<\/p>\n<p class=\"\" data-start=\"1011\" data-end=\"1106\">Emballage compact, facile \u00e0 manipuler et extr\u00eamement durable. Grand par le volume, l\u00e9ger par l&rsquo;impact.<\/p>\n","protected":false},"excerpt":{"rendered":"<p>Grand, puissant et 100 % naturel ! Ajoutez de l&rsquo;eau et ce bloc compact de 3 kg se gonfle pour donner jusqu&rsquo;\u00e0 <strong data-start=\"385\" data-end=\"406\">50 litres de terreau<\/strong> &#8211; id\u00e9al pour les bordures, les potagers, les jardini\u00e8res et bien plus encore.<\/p>\n","protected":false},"featured_media":1700,"comment_status":"closed","ping_status":"closed","template":"","meta":{"_acf_changed":false},"product_brand":[],"product_cat":[80],"product_tag":[],"class_list":{"0":"post-2171","1":"product","2":"type-product","3":"status-publish","4":"has-post-thumbnail","6":"product_cat-substraat-2-fr","8":"first","9":"instock","10":"shipping-taxable","11":"product-type-simple"},"acf":[],"_links":{"self":[{"href":"https:\/\/growincoco.com\/fr\/wp-json\/wp\/v2\/product\/2171","targetHints":{"allow":["GET"]}}],"collection":[{"href":"https:\/\/growincoco.com\/fr\/wp-json\/wp\/v2\/product"}],"about":[{"href":"https:\/\/growincoco.com\/fr\/wp-json\/wp\/v2\/types\/product"}],"replies":[{"embeddable":true,"href":"https:\/\/growincoco.com\/fr\/wp-json\/wp\/v2\/comments?post=2171"}],"wp:featuredmedia":[{"embeddable":true,"href":"https:\/\/growincoco.com\/fr\/wp-json\/wp\/v2\/media\/1700"}],"wp:attachment":[{"href":"https:\/\/growincoco.com\/fr\/wp-json\/wp\/v2\/media?parent=2171"}],"wp:term":[{"taxonomy":"product_brand","embeddable":true,"href":"https:\/\/growincoco.com\/fr\/wp-json\/wp\/v2\/product_brand?post=2171"},{"taxonomy":"product_cat","embeddable":true,"href":"https:\/\/growincoco.com\/fr\/wp-json\/wp\/v2\/product_cat?post=2171"},{"taxonomy":"product_tag","embeddable":true,"href":"https:\/\/growincoco.com\/fr\/wp-json\/wp\/v2\/product_tag?post=2171"}],"curies":[{"name":"wp","href":"https:\/\/api.w.org\/{rel}","templated":true}]}}