{"id":2167,"date":"2025-04-12T07:23:22","date_gmt":"2025-04-12T07:23:22","guid":{"rendered":"https:\/\/growincoco.com\/product\/grow-in-coco-potting-tablets-36-stuks-x-30mm\/"},"modified":"2025-05-13T09:05:45","modified_gmt":"2025-05-13T09:05:45","slug":"grow-in-coco-potting-tablets-36-stuks-x-30mm","status":"publish","type":"product","link":"https:\/\/growincoco.com\/fr\/product\/grow-in-coco-potting-tablets-36-stuks-x-30mm\/","title":{"rendered":"Grow in Coco Tablettes de terreau &#8211; 36 pi\u00e8ces x 30mm"},"content":{"rendered":"<p class=\"\" data-start=\"453\" data-end=\"846\">Les tablettes de terreau Grow in Coco sont id\u00e9ales pour la culture des graines et des jeunes plants. Chaque pastille est compos\u00e9e de fibres de noix de coco press\u00e9es, une alternative durable \u00e0 la tourbe, et gonfle jusqu&rsquo;\u00e0 atteindre 100 ml de terreau a\u00e9r\u00e9 apr\u00e8s avoir ajout\u00e9 de l&rsquo;eau. Avec une excellente r\u00e9tention d&rsquo;eau et une bonne circulation de l&rsquo;air, les pastilles constituent une base optimale pour le d\u00e9veloppement de racines solides. Parfaites pour la culture en int\u00e9rieur et en ext\u00e9rieur, en pots, en plateaux ou en serres.<\/p>\n","protected":false},"excerpt":{"rendered":"<p>D\u00e9marrez vos graines ou vos jeunes plants sans effort avec les tablettes de rempotage Coco &#8211; 100% naturelles, sans tourbe et pr\u00eates \u00e0 l&#8217;emploi. Ajoutez de l&rsquo;eau et faites pousser !<\/p>\n","protected":false},"featured_media":1898,"comment_status":"closed","ping_status":"closed","template":"","meta":{"_acf_changed":false},"product_brand":[],"product_cat":[80],"product_tag":[],"class_list":{"0":"post-2167","1":"product","2":"type-product","3":"status-publish","4":"has-post-thumbnail","6":"product_cat-substraat-2-fr","8":"first","9":"instock","10":"shipping-taxable","11":"product-type-simple"},"acf":[],"_links":{"self":[{"href":"https:\/\/growincoco.com\/fr\/wp-json\/wp\/v2\/product\/2167","targetHints":{"allow":["GET"]}}],"collection":[{"href":"https:\/\/growincoco.com\/fr\/wp-json\/wp\/v2\/product"}],"about":[{"href":"https:\/\/growincoco.com\/fr\/wp-json\/wp\/v2\/types\/product"}],"replies":[{"embeddable":true,"href":"https:\/\/growincoco.com\/fr\/wp-json\/wp\/v2\/comments?post=2167"}],"wp:featuredmedia":[{"embeddable":true,"href":"https:\/\/growincoco.com\/fr\/wp-json\/wp\/v2\/media\/1898"}],"wp:attachment":[{"href":"https:\/\/growincoco.com\/fr\/wp-json\/wp\/v2\/media?parent=2167"}],"wp:term":[{"taxonomy":"product_brand","embeddable":true,"href":"https:\/\/growincoco.com\/fr\/wp-json\/wp\/v2\/product_brand?post=2167"},{"taxonomy":"product_cat","embeddable":true,"href":"https:\/\/growincoco.com\/fr\/wp-json\/wp\/v2\/product_cat?post=2167"},{"taxonomy":"product_tag","embeddable":true,"href":"https:\/\/growincoco.com\/fr\/wp-json\/wp\/v2\/product_tag?post=2167"}],"curies":[{"name":"wp","href":"https:\/\/api.w.org\/{rel}","templated":true}]}}