{"id":2166,"date":"2025-04-19T08:26:52","date_gmt":"2025-04-19T08:26:52","guid":{"rendered":"https:\/\/growincoco.com\/product\/flavourscapes-mediterranean\/"},"modified":"2025-05-08T14:57:32","modified_gmt":"2025-05-08T14:57:32","slug":"flavourscapes-mediterranean","status":"publish","type":"product","link":"https:\/\/growincoco.com\/fr\/product\/flavourscapes-mediterranean\/","title":{"rendered":"Mediterranean Magic | Kit de culture DIY"},"content":{"rendered":"<p data-start=\"546\" data-end=\"790\">Vous r\u00eavez de basilic frais, d&rsquo;origan parfum\u00e9 et de tomates juteuses provenant directement de votre cuisine ? Avec le kit de culture <strong data-start=\"647\" data-end=\"686\">Flavourscapes &#8211; Mediterranean Magic<\/strong>, vous pouvez cultiver vos propres assaisonnements <strong data-start=\"738\" data-end=\"788\">sans<\/strong> effort, <strong data-start=\"738\" data-end=\"788\">sans avoir besoin d&rsquo;un jardin ou d&rsquo;avoir la main verte !<\/strong><\/p>\n<p data-start=\"792\" data-end=\"1058\">Cet <strong data-start=\"806\" data-end=\"824\">ensemble<\/strong> complet <strong data-start=\"806\" data-end=\"824\">tout-en-un<\/strong> comprend des <strong data-start=\"831\" data-end=\"869\">sacs de culture biod\u00e9gradables<\/strong>, un <strong data-start=\"875\" data-end=\"905\">bloc de noix de coco comme support de culture<\/strong>, des <strong data-start=\"907\" data-end=\"929\">graines de haute qualit\u00e9<\/strong> et un <strong data-start=\"938\" data-end=\"956\">livret de recettes<\/strong> plein d&rsquo;inspiration. Tout ce dont vous avez besoin pour faire entrer chez vous les saveurs pures de la M\u00e9diterran\u00e9e !<\/p>\n<p data-start=\"1060\" data-end=\"1250\">Gr\u00e2ce \u00e0 la <strong data-start=\"1080\" data-end=\"1095\">base en noix de coco<\/strong> durable, les plantes poussent de mani\u00e8re optimale sans qu&rsquo;il soit n\u00e9cessaire d&rsquo;ajouter du terreau. Id\u00e9al pour une utilisation <strong data-start=\"1186\" data-end=\"1247\">dans la cuisine, sur le balcon ou sur un rebord de fen\u00eatre ensoleill\u00e9<\/strong>.<\/p>\n<p data-start=\"1252\" data-end=\"1344\">Un cadeau id\u00e9al pour les <strong data-start=\"1277\" data-end=\"1344\">passionn\u00e9s de cuisine, les cuisiniers amateurs et tous ceux qui veulent vivre de mani\u00e8re plus durable !<\/strong><\/p>\n","protected":false},"excerpt":{"rendered":"<p>Apportez les saveurs de la M\u00e9diterran\u00e9e dans votre cuisine avec <strong data-start=\"282\" data-end=\"321\">Flavourscapes &#8211; Mediterranean Magic<\/strong>! Ce <strong data-start=\"328\" data-end=\"344\">kit de culture<\/strong> contient tout ce dont vous avez besoin pour cultiver du <strong data-start=\"378\" data-end=\"411\">basilic, de l&rsquo;origan et des tomates<\/strong> \u00e0 la maison. Parfait pour les amateurs d&rsquo;ingr\u00e9dients frais et de plats m\u00e9diterran\u00e9ens !<\/p>\n","protected":false},"featured_media":2029,"comment_status":"closed","ping_status":"closed","template":"","meta":{"_acf_changed":false},"product_brand":[],"product_cat":[81],"product_tag":[],"class_list":{"0":"post-2166","1":"product","2":"type-product","3":"status-publish","4":"has-post-thumbnail","6":"product_cat-coco-fr","8":"first","9":"instock","10":"shipping-taxable","11":"product-type-simple"},"acf":[],"_links":{"self":[{"href":"https:\/\/growincoco.com\/fr\/wp-json\/wp\/v2\/product\/2166","targetHints":{"allow":["GET"]}}],"collection":[{"href":"https:\/\/growincoco.com\/fr\/wp-json\/wp\/v2\/product"}],"about":[{"href":"https:\/\/growincoco.com\/fr\/wp-json\/wp\/v2\/types\/product"}],"replies":[{"embeddable":true,"href":"https:\/\/growincoco.com\/fr\/wp-json\/wp\/v2\/comments?post=2166"}],"wp:featuredmedia":[{"embeddable":true,"href":"https:\/\/growincoco.com\/fr\/wp-json\/wp\/v2\/media\/2029"}],"wp:attachment":[{"href":"https:\/\/growincoco.com\/fr\/wp-json\/wp\/v2\/media?parent=2166"}],"wp:term":[{"taxonomy":"product_brand","embeddable":true,"href":"https:\/\/growincoco.com\/fr\/wp-json\/wp\/v2\/product_brand?post=2166"},{"taxonomy":"product_cat","embeddable":true,"href":"https:\/\/growincoco.com\/fr\/wp-json\/wp\/v2\/product_cat?post=2166"},{"taxonomy":"product_tag","embeddable":true,"href":"https:\/\/growincoco.com\/fr\/wp-json\/wp\/v2\/product_tag?post=2166"}],"curies":[{"name":"wp","href":"https:\/\/api.w.org\/{rel}","templated":true}]}}