{"id":2165,"date":"2025-04-21T07:05:25","date_gmt":"2025-04-21T07:05:25","guid":{"rendered":"https:\/\/growincoco.com\/product\/flavourscapes-asian\/"},"modified":"2025-05-08T14:40:33","modified_gmt":"2025-05-08T14:40:33","slug":"flavourscapes-asian","status":"publish","type":"product","link":"https:\/\/growincoco.com\/fr\/product\/flavourscapes-asian\/","title":{"rendered":"Cuisine asiatique &#8211; Cultivez vos propres classiques asiatiques"},"content":{"rendered":"<p data-start=\"546\" data-end=\"790\"><strong data-start=\"431\" data-end=\"512\">Donnez vie \u00e0 la magie de la cuisine asiatique &#8211; sur le rebord de votre fen\u00eatre.<\/strong><br data-start=\"512\" data-end=\"515\" \/>Le kit de culture <em data-start=\"518\" data-end=\"549\">Flavourscapes &#8211; Asian Kitchen<\/em> est votre point de d\u00e9part pour des plats asiatiques frais et savoureux. Avec trois ingr\u00e9dients indispensables &#8211; <strong data-start=\"656\" data-end=\"666\">pak choi<\/strong>, <strong data-start=\"668\" data-end=\"681\">coriandre<\/strong> et <strong data-start=\"685\" data-end=\"697\">oignon de printemps<\/strong> &#8211; vous pouvez ajouter une saveur suppl\u00e9mentaire \u00e0 vos plats au wok, ramen ou plats de riz pr\u00e9f\u00e9r\u00e9s en un rien de temps.<\/p>\n<p>Les blocs de coco durables rendent inutile l&rsquo;ajout de terreau. Id\u00e9al pour la cuisine, le balcon ou tout autre endroit ensoleill\u00e9 de la maison. M\u00eame si vous n&rsquo;avez pas la main verte, vous obtiendrez des r\u00e9sultats sans effort. Le cadeau id\u00e9al pour les amateurs de bonne cuisine et d&rsquo;aliments frais.<\/p>\n<p class=\"\" data-start=\"1322\" data-end=\"1366\"><strong data-start=\"1322\" data-end=\"1366\">Semez, cultivez et profitez !<\/strong><\/p>\n","protected":false},"excerpt":{"rendered":"<p>Cultivez vos propres assaisonnements asiatiques \u00e0 la maison &#8211; avec du pak choi, de la coriandre et de la ciboule \u00e0 port\u00e9e de main. Tout ce dont vous avez besoin se trouve dans ce kit de culture complet !<\/p>\n","protected":false},"featured_media":2069,"comment_status":"closed","ping_status":"closed","template":"","meta":{"_acf_changed":false},"product_brand":[],"product_cat":[81],"product_tag":[],"class_list":{"0":"post-2165","1":"product","2":"type-product","3":"status-publish","4":"has-post-thumbnail","6":"product_cat-coco-fr","8":"first","9":"instock","10":"shipping-taxable","11":"product-type-simple"},"acf":[],"_links":{"self":[{"href":"https:\/\/growincoco.com\/fr\/wp-json\/wp\/v2\/product\/2165","targetHints":{"allow":["GET"]}}],"collection":[{"href":"https:\/\/growincoco.com\/fr\/wp-json\/wp\/v2\/product"}],"about":[{"href":"https:\/\/growincoco.com\/fr\/wp-json\/wp\/v2\/types\/product"}],"replies":[{"embeddable":true,"href":"https:\/\/growincoco.com\/fr\/wp-json\/wp\/v2\/comments?post=2165"}],"wp:featuredmedia":[{"embeddable":true,"href":"https:\/\/growincoco.com\/fr\/wp-json\/wp\/v2\/media\/2069"}],"wp:attachment":[{"href":"https:\/\/growincoco.com\/fr\/wp-json\/wp\/v2\/media?parent=2165"}],"wp:term":[{"taxonomy":"product_brand","embeddable":true,"href":"https:\/\/growincoco.com\/fr\/wp-json\/wp\/v2\/product_brand?post=2165"},{"taxonomy":"product_cat","embeddable":true,"href":"https:\/\/growincoco.com\/fr\/wp-json\/wp\/v2\/product_cat?post=2165"},{"taxonomy":"product_tag","embeddable":true,"href":"https:\/\/growincoco.com\/fr\/wp-json\/wp\/v2\/product_tag?post=2165"}],"curies":[{"name":"wp","href":"https:\/\/api.w.org\/{rel}","templated":true}]}}