{"id":2161,"date":"2025-04-21T07:28:55","date_gmt":"2025-04-21T07:28:55","guid":{"rendered":"https:\/\/growincoco.com\/product\/flavourscapes-mexican\/"},"modified":"2025-05-08T13:47:55","modified_gmt":"2025-05-08T13:47:55","slug":"flavourscapes-mexican","status":"publish","type":"product","link":"https:\/\/growincoco.com\/fr\/product\/flavourscapes-mexican\/","title":{"rendered":"Fiesta mexicaine | Kit de culture DIY"},"content":{"rendered":"<p class=\"\" data-start=\"346\" data-end=\"719\"><strong data-start=\"346\" data-end=\"428\">Donnez \u00e0 vos plats une touche mexicaine avec ce savoureux kit de culture tout-en-un.<\/strong><br data-start=\"428\" data-end=\"431\" \/>Avec le set <em data-start=\"438\" data-end=\"470\">Flavourscapes &#8211; Mexican Fiesta<\/em>, vous cultivez trois ingr\u00e9dients indispensables de la cuisine mexicaine : la <strong data-start=\"538\" data-end=\"554\">tomate cerise<\/strong>, la <strong data-start=\"556\" data-end=\"569\">coriandre<\/strong> et le <strong data-start=\"573\" data-end=\"590\">piment jalape\u00f1o<\/strong>. Que vous fassiez de la salsa, du guacamole ou des tacos, ces plantes apporteront un v\u00e9ritable sentiment de f\u00eate dans votre maison.<\/p>\n<p class=\"\" data-start=\"721\" data-end=\"905\">Le kit est tr\u00e8s facile \u00e0 utiliser et contient tout ce dont vous avez besoin. Vous n&rsquo;avez pas d&rsquo;exp\u00e9rience en mati\u00e8re de culture ? Pas de probl\u00e8me &#8211; le livret de recettes et les cartes de soins des plantes inclus vous aideront \u00e0 d\u00e9marrer !<\/p>\n","protected":false},"excerpt":{"rendered":"<p>Mettez une f\u00eate mexicaine sur la table avec des tomates cerises cultiv\u00e9es \u00e0 la maison, de la coriandre et du piment jalape\u00f1o \u00e9pic\u00e9. Fra\u00eecheur et saveur sont au rendez-vous.<\/p>\n","protected":false},"featured_media":2131,"comment_status":"closed","ping_status":"closed","template":"","meta":{"_acf_changed":false},"product_brand":[],"product_cat":[81],"product_tag":[],"class_list":{"0":"post-2161","1":"product","2":"type-product","3":"status-publish","4":"has-post-thumbnail","6":"product_cat-coco-fr","8":"first","9":"instock","10":"shipping-taxable","11":"product-type-simple"},"acf":[],"_links":{"self":[{"href":"https:\/\/growincoco.com\/fr\/wp-json\/wp\/v2\/product\/2161","targetHints":{"allow":["GET"]}}],"collection":[{"href":"https:\/\/growincoco.com\/fr\/wp-json\/wp\/v2\/product"}],"about":[{"href":"https:\/\/growincoco.com\/fr\/wp-json\/wp\/v2\/types\/product"}],"replies":[{"embeddable":true,"href":"https:\/\/growincoco.com\/fr\/wp-json\/wp\/v2\/comments?post=2161"}],"wp:featuredmedia":[{"embeddable":true,"href":"https:\/\/growincoco.com\/fr\/wp-json\/wp\/v2\/media\/2131"}],"wp:attachment":[{"href":"https:\/\/growincoco.com\/fr\/wp-json\/wp\/v2\/media?parent=2161"}],"wp:term":[{"taxonomy":"product_brand","embeddable":true,"href":"https:\/\/growincoco.com\/fr\/wp-json\/wp\/v2\/product_brand?post=2161"},{"taxonomy":"product_cat","embeddable":true,"href":"https:\/\/growincoco.com\/fr\/wp-json\/wp\/v2\/product_cat?post=2161"},{"taxonomy":"product_tag","embeddable":true,"href":"https:\/\/growincoco.com\/fr\/wp-json\/wp\/v2\/product_tag?post=2161"}],"curies":[{"name":"wp","href":"https:\/\/api.w.org\/{rel}","templated":true}]}}