{"id":2159,"date":"2025-04-12T07:31:08","date_gmt":"2025-04-12T07:31:08","guid":{"rendered":"https:\/\/growincoco.com\/product\/grow-in-coco-potting-tablets-9-stuks-x-60mm\/"},"modified":"2025-05-08T13:32:54","modified_gmt":"2025-05-08T13:32:54","slug":"grow-in-coco-potting-tablets-9-stuks-x-60mm","status":"publish","type":"product","link":"https:\/\/growincoco.com\/fr\/product\/grow-in-coco-potting-tablets-9-stuks-x-60mm\/","title":{"rendered":"Grow in Coco Tablettes de terreau &#8211; 9 pieces x 60mm"},"content":{"rendered":"<p class=\"\" data-start=\"453\" data-end=\"846\">Ces pastilles de terreau de coco de 60 mm sont parfaites pour le rempotage des semis et des jeunes plantes. Chaque pastille est compos\u00e9e de fibres de coco naturelles et se transforme en 400 ml de terreau a\u00e9r\u00e9 et nutritif apr\u00e8s ajout d&rsquo;eau. Gr\u00e2ce \u00e0 sa forte r\u00e9tention d&rsquo;eau et \u00e0 sa structure a\u00e9r\u00e9e, le coco-coir favorise une croissance saine des racines. Les tablettes sont faciles \u00e0 utiliser, 100% sans tourbe et enti\u00e8rement biod\u00e9gradables.<\/p>\n","protected":false},"excerpt":{"rendered":"<p>Comprim\u00e9s de terreau de coco faciles \u00e0 utiliser qui s&rsquo;\u00e9tendent jusqu&rsquo;\u00e0 400 ml de compost &#8211; id\u00e9al pour la transplantation et le rempotage de jeunes plantes.<\/p>\n","protected":false},"featured_media":1941,"comment_status":"closed","ping_status":"closed","template":"","meta":{"_acf_changed":false},"product_brand":[],"product_cat":[80],"product_tag":[],"class_list":{"0":"post-2159","1":"product","2":"type-product","3":"status-publish","4":"has-post-thumbnail","6":"product_cat-substraat-2-fr","8":"first","9":"instock","10":"shipping-taxable","11":"product-type-simple"},"acf":[],"_links":{"self":[{"href":"https:\/\/growincoco.com\/fr\/wp-json\/wp\/v2\/product\/2159","targetHints":{"allow":["GET"]}}],"collection":[{"href":"https:\/\/growincoco.com\/fr\/wp-json\/wp\/v2\/product"}],"about":[{"href":"https:\/\/growincoco.com\/fr\/wp-json\/wp\/v2\/types\/product"}],"replies":[{"embeddable":true,"href":"https:\/\/growincoco.com\/fr\/wp-json\/wp\/v2\/comments?post=2159"}],"wp:featuredmedia":[{"embeddable":true,"href":"https:\/\/growincoco.com\/fr\/wp-json\/wp\/v2\/media\/1941"}],"wp:attachment":[{"href":"https:\/\/growincoco.com\/fr\/wp-json\/wp\/v2\/media?parent=2159"}],"wp:term":[{"taxonomy":"product_brand","embeddable":true,"href":"https:\/\/growincoco.com\/fr\/wp-json\/wp\/v2\/product_brand?post=2159"},{"taxonomy":"product_cat","embeddable":true,"href":"https:\/\/growincoco.com\/fr\/wp-json\/wp\/v2\/product_cat?post=2159"},{"taxonomy":"product_tag","embeddable":true,"href":"https:\/\/growincoco.com\/fr\/wp-json\/wp\/v2\/product_tag?post=2159"}],"curies":[{"name":"wp","href":"https:\/\/api.w.org\/{rel}","templated":true}]}}