{"id":2158,"date":"2025-04-12T07:03:03","date_gmt":"2025-04-12T07:03:03","guid":{"rendered":"https:\/\/growincoco.com\/product\/grow-in-coco-1l-coco-potgrondblokorchidee\/"},"modified":"2025-05-13T09:41:02","modified_gmt":"2025-05-13T09:41:02","slug":"grow-in-coco-1l-coco-potgrondblokorchidee","status":"publish","type":"product","link":"https:\/\/growincoco.com\/fr\/product\/grow-in-coco-1l-coco-potgrondblokorchidee\/","title":{"rendered":"Grow in Coco &#8211; Bloc de terreau Coco 1L pour Orchid\u00e9es"},"content":{"rendered":"<p class=\"\" data-start=\"466\" data-end=\"612\">Les orchid\u00e9es aiment un terreau a\u00e9r\u00e9 et bien drainant &#8211; et c&rsquo;est exactement ce que vous obtenez avec ce bloc de coco sp\u00e9cialement con\u00e7u pour les orchid\u00e9es.<\/p>\n<p class=\"\" data-start=\"614\" data-end=\"811\">Ce m\u00e9lange de fibres de coco grossi\u00e8res assure une circulation optimale de l&rsquo;air autour des racines, pr\u00e9vient le pourrissement des racines et apporte l&rsquo;\u00e9quilibre d&rsquo;humidit\u00e9 n\u00e9cessaire aux Phalaenopsis et autres orchid\u00e9es \u00e9piphytes.<\/p>\n<p class=\"\" data-start=\"813\" data-end=\"952\">En quelques minutes, vous pouvez transformer ce bloc en un m\u00e9lange d&rsquo;orchid\u00e9es naturel pr\u00eat \u00e0 l&#8217;emploi, parfait pour (re)mettre en pot vos plantes.<\/p>\n","protected":false},"excerpt":{"rendered":"<p>Le terreau id\u00e9al pour les orchid\u00e9es. Ce bloc de coco compact se gonfle pour former 1 litre de terreau pour orchid\u00e9es, a\u00e9r\u00e9 et respirant, id\u00e9al pour des racines saines et une floraison durable. <\/p>\n","protected":false},"featured_media":1854,"comment_status":"closed","ping_status":"closed","template":"","meta":{"_acf_changed":false},"product_brand":[],"product_cat":[80],"product_tag":[],"class_list":{"0":"post-2158","1":"product","2":"type-product","3":"status-publish","4":"has-post-thumbnail","6":"product_cat-substraat-2-fr","8":"first","9":"instock","10":"shipping-taxable","11":"product-type-simple"},"acf":[],"_links":{"self":[{"href":"https:\/\/growincoco.com\/fr\/wp-json\/wp\/v2\/product\/2158","targetHints":{"allow":["GET"]}}],"collection":[{"href":"https:\/\/growincoco.com\/fr\/wp-json\/wp\/v2\/product"}],"about":[{"href":"https:\/\/growincoco.com\/fr\/wp-json\/wp\/v2\/types\/product"}],"replies":[{"embeddable":true,"href":"https:\/\/growincoco.com\/fr\/wp-json\/wp\/v2\/comments?post=2158"}],"wp:featuredmedia":[{"embeddable":true,"href":"https:\/\/growincoco.com\/fr\/wp-json\/wp\/v2\/media\/1854"}],"wp:attachment":[{"href":"https:\/\/growincoco.com\/fr\/wp-json\/wp\/v2\/media?parent=2158"}],"wp:term":[{"taxonomy":"product_brand","embeddable":true,"href":"https:\/\/growincoco.com\/fr\/wp-json\/wp\/v2\/product_brand?post=2158"},{"taxonomy":"product_cat","embeddable":true,"href":"https:\/\/growincoco.com\/fr\/wp-json\/wp\/v2\/product_cat?post=2158"},{"taxonomy":"product_tag","embeddable":true,"href":"https:\/\/growincoco.com\/fr\/wp-json\/wp\/v2\/product_tag?post=2158"}],"curies":[{"name":"wp","href":"https:\/\/api.w.org\/{rel}","templated":true}]}}