{"id":2064,"date":"2025-04-21T07:05:25","date_gmt":"2025-04-21T07:05:25","guid":{"rendered":"https:\/\/growincoco.com\/?post_type=product&#038;p=2064"},"modified":"2025-06-05T12:45:03","modified_gmt":"2025-06-05T12:45:03","slug":"mediterrane-magie-diy-anbausatz-copy","status":"publish","type":"product","link":"https:\/\/growincoco.com\/de\/product\/mediterrane-magie-diy-anbausatz-copy\/","title":{"rendered":"Asian Kitchen &#8211; Z\u00fcchten Sie Ihre eigenen asiatischen Klassiker"},"content":{"rendered":"<p data-start=\"546\" data-end=\"790\"><strong data-start=\"431\" data-end=\"512\">Erwecken Sie die Magie der asiatischen K\u00fcche zum Leben &#8211; direkt auf Ihrer Fensterbank.<\/strong><br data-start=\"512\" data-end=\"515\">Das <em data-start=\"518\" data-end=\"549\">Flavourscapes &#8211; Asian Kitchen<\/em> Anbauset ist Ihr Ausgangspunkt f\u00fcr frische, schmackhafte asiatische Gerichte. Mit drei unverzichtbaren Zutaten &#8211; <strong data-start=\"656\" data-end=\"666\">Pak Choi<\/strong>, <strong data-start=\"668\" data-end=\"681\">Koriander<\/strong> und <strong data-start=\"685\" data-end=\"697\">Fr\u00fchlingszwiebeln<\/strong> &#8211; k\u00f6nnen Sie Ihren Lieblingsgerichten aus dem Wok, Ramen oder Reisgerichten im Handumdrehen zus\u00e4tzlichen Geschmack verleihen. <\/p>\n<p>Die haltbaren Kokosbl\u00f6cke machen zus\u00e4tzliche Blumenerde \u00fcberfl\u00fcssig. Ideal f\u00fcr die K\u00fcche, den Balkon oder jeden sonnigen Platz zu Hause. Auch wenn Sie keinen gr\u00fcnen Daumen haben, werden Sie m\u00fchelos Ergebnisse erzielen. Das perfekte Geschenk f\u00fcr Liebhaber der guten K\u00fcche und frischer Lebensmittel.   <\/p>\n<p class=\"\" data-start=\"1322\" data-end=\"1366\"><strong data-start=\"1322\" data-end=\"1366\">S\u00e4en, wachsen und genie\u00dfen!<\/strong><\/p>\n","protected":false},"excerpt":{"rendered":"<p>Z\u00fcchten Sie Ihre eigenen asiatischen Gew\u00fcrze zu Hause &#8211; mit Pak Choi, Koriander und Fr\u00fchlingszwiebeln im Handumdrehen. Alles, was Sie brauchen, ist in diesem kompletten Anbauset enthalten! <\/p>\n","protected":false},"featured_media":2070,"comment_status":"closed","ping_status":"closed","template":"","meta":{"_acf_changed":false},"product_brand":[],"product_cat":[45],"product_tag":[],"class_list":{"0":"post-2064","1":"product","2":"type-product","3":"status-publish","4":"has-post-thumbnail","6":"product_cat-coco-de","8":"first","9":"instock","10":"shipping-taxable","11":"product-type-simple"},"acf":[],"_links":{"self":[{"href":"https:\/\/growincoco.com\/de\/wp-json\/wp\/v2\/product\/2064","targetHints":{"allow":["GET"]}}],"collection":[{"href":"https:\/\/growincoco.com\/de\/wp-json\/wp\/v2\/product"}],"about":[{"href":"https:\/\/growincoco.com\/de\/wp-json\/wp\/v2\/types\/product"}],"replies":[{"embeddable":true,"href":"https:\/\/growincoco.com\/de\/wp-json\/wp\/v2\/comments?post=2064"}],"wp:featuredmedia":[{"embeddable":true,"href":"https:\/\/growincoco.com\/de\/wp-json\/wp\/v2\/media\/2070"}],"wp:attachment":[{"href":"https:\/\/growincoco.com\/de\/wp-json\/wp\/v2\/media?parent=2064"}],"wp:term":[{"taxonomy":"product_brand","embeddable":true,"href":"https:\/\/growincoco.com\/de\/wp-json\/wp\/v2\/product_brand?post=2064"},{"taxonomy":"product_cat","embeddable":true,"href":"https:\/\/growincoco.com\/de\/wp-json\/wp\/v2\/product_cat?post=2064"},{"taxonomy":"product_tag","embeddable":true,"href":"https:\/\/growincoco.com\/de\/wp-json\/wp\/v2\/product_tag?post=2064"}],"curies":[{"name":"wp","href":"https:\/\/api.w.org\/{rel}","templated":true}]}}