{"id":1933,"date":"2025-04-12T07:31:08","date_gmt":"2025-04-12T07:31:08","guid":{"rendered":"https:\/\/growincoco.com\/?post_type=product&#038;p=1933"},"modified":"2025-06-10T12:46:31","modified_gmt":"2025-06-10T12:46:31","slug":"kokosfasersubstrat-fur-orchideen-3l-copy-copy-copy-copy-copy","status":"publish","type":"product","link":"https:\/\/growincoco.com\/de\/product\/kokosfasersubstrat-fur-orchideen-3l-copy-copy-copy-copy-copy\/","title":{"rendered":"Grow in Coco Blumentabletten &#8211; 9 St\u00fcck x 60mm"},"content":{"rendered":"<p class=\"\" data-start=\"453\" data-end=\"846\">Diese 60 mm gro\u00dfen Tabletten mit Kokoserde sind perfekt f\u00fcr das Einpflanzen von Setzlingen und Jungpflanzen. Jede Tablette besteht aus nat\u00fcrlichen Kokosfasern und dehnt sich nach Zugabe von Wasser zu 400 ml luftiger, nahrhafter Blumenerde aus. Mit seiner hohen Wasserspeicherung und seiner luftigen Struktur f\u00f6rdert Kokosfasern ein gesundes Wurzelwachstum. Die Tabletten sind einfach zu verwenden, 100% torffrei und vollst\u00e4ndig biologisch abbaubar.   <\/p>\n","protected":false},"excerpt":{"rendered":"<p>Benutzerfreundliche Kokos-Topferde-Tabletten, die sich auf 400 ml Kompost ausdehnen &#8211; ideal zum Umpflanzen und Einpflanzen von Jungpflanzen.<\/p>\n","protected":false},"featured_media":1942,"comment_status":"closed","ping_status":"closed","template":"","meta":{"_acf_changed":false},"product_brand":[],"product_cat":[69],"product_tag":[],"class_list":{"0":"post-1933","1":"product","2":"type-product","3":"status-publish","4":"has-post-thumbnail","6":"product_cat-substraat-2-de","8":"first","9":"instock","10":"shipping-taxable","11":"product-type-simple"},"acf":[],"_links":{"self":[{"href":"https:\/\/growincoco.com\/de\/wp-json\/wp\/v2\/product\/1933","targetHints":{"allow":["GET"]}}],"collection":[{"href":"https:\/\/growincoco.com\/de\/wp-json\/wp\/v2\/product"}],"about":[{"href":"https:\/\/growincoco.com\/de\/wp-json\/wp\/v2\/types\/product"}],"replies":[{"embeddable":true,"href":"https:\/\/growincoco.com\/de\/wp-json\/wp\/v2\/comments?post=1933"}],"wp:featuredmedia":[{"embeddable":true,"href":"https:\/\/growincoco.com\/de\/wp-json\/wp\/v2\/media\/1942"}],"wp:attachment":[{"href":"https:\/\/growincoco.com\/de\/wp-json\/wp\/v2\/media?parent=1933"}],"wp:term":[{"taxonomy":"product_brand","embeddable":true,"href":"https:\/\/growincoco.com\/de\/wp-json\/wp\/v2\/product_brand?post=1933"},{"taxonomy":"product_cat","embeddable":true,"href":"https:\/\/growincoco.com\/de\/wp-json\/wp\/v2\/product_cat?post=1933"},{"taxonomy":"product_tag","embeddable":true,"href":"https:\/\/growincoco.com\/de\/wp-json\/wp\/v2\/product_tag?post=1933"}],"curies":[{"name":"wp","href":"https:\/\/api.w.org\/{rel}","templated":true}]}}