{"id":1894,"date":"2025-04-12T07:23:22","date_gmt":"2025-04-12T07:23:22","guid":{"rendered":"https:\/\/growincoco.com\/?post_type=product&#038;p=1894"},"modified":"2025-06-05T09:29:51","modified_gmt":"2025-06-05T09:29:51","slug":"kokosfasersubstrat-fur-orchideen-3l-copy-copy-copy-copy-2","status":"publish","type":"product","link":"https:\/\/growincoco.com\/de\/product\/kokosfasersubstrat-fur-orchideen-3l-copy-copy-copy-copy-2\/","title":{"rendered":"Grow in Coco Blumentabletten &#8211; 36 St\u00fcck x 30mm"},"content":{"rendered":"<p class=\"\" data-start=\"453\" data-end=\"846\">Grow in Coco Potting Tablets sind ideal f\u00fcr die Aufzucht von Samen und jungen Setzlingen. Jede Tablette besteht aus gepressten Kokosfasern, einer nachhaltigen Alternative zu Torf, und quillt nach Zugabe von Wasser zu bis zu 100 ml luftiger Blumenerde auf. Die Tabletten haben eine ausgezeichnete Wasserbindung und Luftzirkulation und bieten eine optimale Grundlage f\u00fcr eine starke Wurzelentwicklung. Perfekt f\u00fcr den Anbau im Innen- und Au\u00dfenbereich, in T\u00f6pfen, Schalen oder Gew\u00e4chsh\u00e4usern.   <\/p>\n","protected":false},"excerpt":{"rendered":"<p>Starten Sie Ihre Samen oder jungen Setzlinge m\u00fchelos mit Coco Potting Tablets &#8211; 100% nat\u00fcrlich, torffrei und sofort einsatzbereit. Wasser hinzuf\u00fcgen und wachsen! <\/p>\n","protected":false},"featured_media":1899,"comment_status":"closed","ping_status":"closed","template":"","meta":{"_acf_changed":false},"product_brand":[],"product_cat":[69],"product_tag":[],"class_list":{"0":"post-1894","1":"product","2":"type-product","3":"status-publish","4":"has-post-thumbnail","6":"product_cat-substraat-2-de","8":"first","9":"instock","10":"shipping-taxable","11":"product-type-simple"},"acf":[],"_links":{"self":[{"href":"https:\/\/growincoco.com\/de\/wp-json\/wp\/v2\/product\/1894","targetHints":{"allow":["GET"]}}],"collection":[{"href":"https:\/\/growincoco.com\/de\/wp-json\/wp\/v2\/product"}],"about":[{"href":"https:\/\/growincoco.com\/de\/wp-json\/wp\/v2\/types\/product"}],"replies":[{"embeddable":true,"href":"https:\/\/growincoco.com\/de\/wp-json\/wp\/v2\/comments?post=1894"}],"wp:featuredmedia":[{"embeddable":true,"href":"https:\/\/growincoco.com\/de\/wp-json\/wp\/v2\/media\/1899"}],"wp:attachment":[{"href":"https:\/\/growincoco.com\/de\/wp-json\/wp\/v2\/media?parent=1894"}],"wp:term":[{"taxonomy":"product_brand","embeddable":true,"href":"https:\/\/growincoco.com\/de\/wp-json\/wp\/v2\/product_brand?post=1894"},{"taxonomy":"product_cat","embeddable":true,"href":"https:\/\/growincoco.com\/de\/wp-json\/wp\/v2\/product_cat?post=1894"},{"taxonomy":"product_tag","embeddable":true,"href":"https:\/\/growincoco.com\/de\/wp-json\/wp\/v2\/product_tag?post=1894"}],"curies":[{"name":"wp","href":"https:\/\/api.w.org\/{rel}","templated":true}]}}