{"id":1826,"date":"2025-04-12T07:11:12","date_gmt":"2025-04-12T07:11:12","guid":{"rendered":"https:\/\/growincoco.com\/?post_type=product&#038;p=1826"},"modified":"2025-06-05T09:29:37","modified_gmt":"2025-06-05T09:29:37","slug":"kokosfasersubstrat-fur-orchideen-3l-copy-copy-copy-2","status":"publish","type":"product","link":"https:\/\/growincoco.com\/de\/product\/kokosfasersubstrat-fur-orchideen-3l-copy-copy-copy-2\/","title":{"rendered":"Grow in Coco Growplugs &#8211; 48 St\u00fcck x 36mm"},"content":{"rendered":"<p class=\"\" data-start=\"453\" data-end=\"846\">Geben Sie Ihren Samen oder Stecklingen den besten Start mit Grow in Coco Growplugs! Diese kompakten Pfl\u00e4nzchen aus Kokosfasern sind so konzipiert, dass sie sich bis zum 7-fachen ihrer Gr\u00f6\u00dfe ausdehnen, sobald Sie Wasser hinzuf\u00fcgen. Sie bieten das perfekte luftige und feuchtigkeitsspeichernde Substrat f\u00fcr junge Pflanzen. Dank ihrer nat\u00fcrlichen Zusammensetzung sind sie torffrei, biologisch abbaubar und f\u00fcr fast alle Arten von Samen oder Stecklingen geeignet.   <\/p>\n<p class=\"\" data-start=\"848\" data-end=\"1080\">Verwenden Sie sie drinnen in einem Zimmergew\u00e4chshaus oder drau\u00dfen in T\u00f6pfen &#8211; sobald Ihre Pflanze zum Umtopfen bereit ist, stecken Sie einfach den gesamten Stecker in die Erde. Eine dauerhafte, saubere und praktische L\u00f6sung f\u00fcr jeden Pflanzenliebhaber oder Hobbyg\u00e4rtner. <\/p>\n","protected":false},"excerpt":{"rendered":"<p>Kompakte Coco Growplugs, ideal f\u00fcr die Anzucht von Samen und die Bewurzelung von Stecklingen. F\u00fcgen Sie Wasser hinzu und sie sind in wenigen Minuten einsatzbereit. <\/p>\n","protected":false},"featured_media":1831,"comment_status":"closed","ping_status":"closed","template":"","meta":{"_acf_changed":false},"product_brand":[],"product_cat":[69],"product_tag":[],"class_list":{"0":"post-1826","1":"product","2":"type-product","3":"status-publish","4":"has-post-thumbnail","6":"product_cat-substraat-2-de","8":"first","9":"instock","10":"shipping-taxable","11":"product-type-simple"},"acf":[],"_links":{"self":[{"href":"https:\/\/growincoco.com\/de\/wp-json\/wp\/v2\/product\/1826","targetHints":{"allow":["GET"]}}],"collection":[{"href":"https:\/\/growincoco.com\/de\/wp-json\/wp\/v2\/product"}],"about":[{"href":"https:\/\/growincoco.com\/de\/wp-json\/wp\/v2\/types\/product"}],"replies":[{"embeddable":true,"href":"https:\/\/growincoco.com\/de\/wp-json\/wp\/v2\/comments?post=1826"}],"wp:featuredmedia":[{"embeddable":true,"href":"https:\/\/growincoco.com\/de\/wp-json\/wp\/v2\/media\/1831"}],"wp:attachment":[{"href":"https:\/\/growincoco.com\/de\/wp-json\/wp\/v2\/media?parent=1826"}],"wp:term":[{"taxonomy":"product_brand","embeddable":true,"href":"https:\/\/growincoco.com\/de\/wp-json\/wp\/v2\/product_brand?post=1826"},{"taxonomy":"product_cat","embeddable":true,"href":"https:\/\/growincoco.com\/de\/wp-json\/wp\/v2\/product_cat?post=1826"},{"taxonomy":"product_tag","embeddable":true,"href":"https:\/\/growincoco.com\/de\/wp-json\/wp\/v2\/product_tag?post=1826"}],"curies":[{"name":"wp","href":"https:\/\/api.w.org\/{rel}","templated":true}]}}