{"id":1807,"date":"2025-04-12T07:03:03","date_gmt":"2025-04-12T07:03:03","guid":{"rendered":"https:\/\/growincoco.com\/?post_type=product&#038;p=1807"},"modified":"2025-06-05T10:33:53","modified_gmt":"2025-06-05T10:33:53","slug":"kokosfasersubstrat-fur-orchideen-3l-copy-copy-2","status":"publish","type":"product","link":"https:\/\/growincoco.com\/de\/product\/kokosfasersubstrat-fur-orchideen-3l-copy-copy-2\/","title":{"rendered":"Grow in Coco &#8211; 1L Coco Soil Block f\u00fcr Orchideen"},"content":{"rendered":"<p class=\"\" data-start=\"466\" data-end=\"612\">Orchideen lieben eine luftige, gut durchl\u00e4ssige Blumenerde &#8211; und genau das bekommen Sie mit diesem Kokosfaserblock speziell f\u00fcr Orchideen.<\/p>\n<p class=\"\" data-start=\"614\" data-end=\"811\">Diese Mischung aus groben Kokosfasern sorgt f\u00fcr eine optimale Luftzirkulation um die Wurzeln herum, verhindert Wurzelf\u00e4ule und bietet genau den richtigen Feuchtigkeitshaushalt f\u00fcr Phalaenopsis und andere epiphytische Orchideen.<\/p>\n<p class=\"\" data-start=\"813\" data-end=\"952\">Innerhalb weniger Minuten k\u00f6nnen Sie diesen Block in eine gebrauchsfertige, nat\u00fcrliche Orchideenmischung verwandeln, die sich perfekt zum (Um-)T\u00f6pfern Ihrer Pflanzen eignet.<\/p>\n","protected":false},"excerpt":{"rendered":"<p>Die perfekte Blumenerde f\u00fcr Orchideen. Dieser kompakte Kokosblock quillt zu 1 Liter luftiger, atmungsaktiver Orchideenerde auf &#8211; ideal f\u00fcr gesunde Wurzeln und eine lang anhaltende Bl\u00fcte. <\/p>\n","protected":false},"featured_media":1855,"comment_status":"closed","ping_status":"closed","template":"","meta":{"_acf_changed":false},"product_brand":[],"product_cat":[69],"product_tag":[],"class_list":{"0":"post-1807","1":"product","2":"type-product","3":"status-publish","4":"has-post-thumbnail","6":"product_cat-substraat-2-de","8":"first","9":"instock","10":"shipping-taxable","11":"product-type-simple"},"acf":[],"_links":{"self":[{"href":"https:\/\/growincoco.com\/de\/wp-json\/wp\/v2\/product\/1807","targetHints":{"allow":["GET"]}}],"collection":[{"href":"https:\/\/growincoco.com\/de\/wp-json\/wp\/v2\/product"}],"about":[{"href":"https:\/\/growincoco.com\/de\/wp-json\/wp\/v2\/types\/product"}],"replies":[{"embeddable":true,"href":"https:\/\/growincoco.com\/de\/wp-json\/wp\/v2\/comments?post=1807"}],"wp:featuredmedia":[{"embeddable":true,"href":"https:\/\/growincoco.com\/de\/wp-json\/wp\/v2\/media\/1855"}],"wp:attachment":[{"href":"https:\/\/growincoco.com\/de\/wp-json\/wp\/v2\/media?parent=1807"}],"wp:term":[{"taxonomy":"product_brand","embeddable":true,"href":"https:\/\/growincoco.com\/de\/wp-json\/wp\/v2\/product_brand?post=1807"},{"taxonomy":"product_cat","embeddable":true,"href":"https:\/\/growincoco.com\/de\/wp-json\/wp\/v2\/product_cat?post=1807"},{"taxonomy":"product_tag","embeddable":true,"href":"https:\/\/growincoco.com\/de\/wp-json\/wp\/v2\/product_tag?post=1807"}],"curies":[{"name":"wp","href":"https:\/\/api.w.org\/{rel}","templated":true}]}}