{"id":1696,"date":"2025-04-11T14:27:36","date_gmt":"2025-04-11T14:27:36","guid":{"rendered":"https:\/\/growincoco.com\/?post_type=product&#038;p=1696"},"modified":"2025-04-17T12:49:39","modified_gmt":"2025-04-17T12:49:39","slug":"kokosfasersubstrat-fur-orchideen-3l-copy-copy-copy-copy","status":"publish","type":"product","link":"https:\/\/growincoco.com\/de\/product\/kokosfasersubstrat-fur-orchideen-3l-copy-copy-copy-copy\/","title":{"rendered":"Grow in Coco &#8211; 50L Coco Soil Block"},"content":{"rendered":"<p class=\"\" data-start=\"504\" data-end=\"711\">Der Grow in Coco 50L Blumenerdeblock ist die ultimative Wahl f\u00fcr alle, die einen gro\u00dfen Garten, ein Gew\u00e4chshaus oder einen Gem\u00fcsegarten haben. Dieser 3 kg schwere Block besteht aus 100% Kokosfasern, einem nat\u00fcrlichen Restprodukt der Kokosnussindustrie. <\/p>\n<p class=\"\" data-start=\"713\" data-end=\"1009\">Geben Sie einfach Wasser hinzu und der Block quillt innerhalb von Minuten zu 50 Litern luftiger und nahrhafter Kokoserde auf. Dank der ausgezeichneten Wasserr\u00fcckhaltung, der luftigen Struktur und dem neutralen pH-Wert ist dieses Substrat perfekt f\u00fcr den Anbau kr\u00e4ftiger, gesunder Pflanzen &#8211; von Gem\u00fcse bis hin zu Stauden. <\/p>\n<p class=\"\" data-start=\"1011\" data-end=\"1106\">Kompakt verpackt, leicht zu handhaben und extrem langlebig. Gro\u00df im Volumen, leicht in der Wirkung. <\/p>\n","protected":false},"excerpt":{"rendered":"<p>Gro\u00df, stark und 100% nat\u00fcrlich! Geben Sie Wasser hinzu und dieser kompakte 3 kg-Block quillt auf bis zu <strong data-start=\"385\" data-end=\"406\">50 Liter Blumenerde<\/strong> auf &#8211; ideal f\u00fcr Rabatten, Gem\u00fcseg\u00e4rten, Pflanzgef\u00e4\u00dfe und mehr. <\/p>\n","protected":false},"featured_media":1701,"comment_status":"closed","ping_status":"closed","template":"","meta":{"_acf_changed":false},"product_brand":[],"product_cat":[69],"product_tag":[],"class_list":{"0":"post-1696","1":"product","2":"type-product","3":"status-publish","4":"has-post-thumbnail","6":"product_cat-substraat-2-de","8":"first","9":"instock","10":"shipping-taxable","11":"product-type-simple"},"acf":[],"_links":{"self":[{"href":"https:\/\/growincoco.com\/de\/wp-json\/wp\/v2\/product\/1696","targetHints":{"allow":["GET"]}}],"collection":[{"href":"https:\/\/growincoco.com\/de\/wp-json\/wp\/v2\/product"}],"about":[{"href":"https:\/\/growincoco.com\/de\/wp-json\/wp\/v2\/types\/product"}],"replies":[{"embeddable":true,"href":"https:\/\/growincoco.com\/de\/wp-json\/wp\/v2\/comments?post=1696"}],"wp:featuredmedia":[{"embeddable":true,"href":"https:\/\/growincoco.com\/de\/wp-json\/wp\/v2\/media\/1701"}],"wp:attachment":[{"href":"https:\/\/growincoco.com\/de\/wp-json\/wp\/v2\/media?parent=1696"}],"wp:term":[{"taxonomy":"product_brand","embeddable":true,"href":"https:\/\/growincoco.com\/de\/wp-json\/wp\/v2\/product_brand?post=1696"},{"taxonomy":"product_cat","embeddable":true,"href":"https:\/\/growincoco.com\/de\/wp-json\/wp\/v2\/product_cat?post=1696"},{"taxonomy":"product_tag","embeddable":true,"href":"https:\/\/growincoco.com\/de\/wp-json\/wp\/v2\/product_tag?post=1696"}],"curies":[{"name":"wp","href":"https:\/\/api.w.org\/{rel}","templated":true}]}}