{"id":1544,"date":"2025-03-19T08:27:10","date_gmt":"2025-03-19T08:27:10","guid":{"rendered":"https:\/\/growincoco.com\/product\/zesty-harmony-grow-your-own-tea-copy-copy\/"},"modified":"2025-03-27T07:54:12","modified_gmt":"2025-03-27T07:54:12","slug":"zesty-harmony-grow-your-own-tea-copy-copy","status":"publish","type":"product","link":"https:\/\/growincoco.com\/de\/product\/zesty-harmony-grow-your-own-tea-copy-copy\/","title":{"rendered":"Peppery Crunch &#8211; Zuchten Sie Ihr eigenes Mikrogemuse"},"content":{"rendered":"<p data-start=\"497\" data-end=\"763\">M\u00f6chten Sie zu Hause supergesundes <strong data-start=\"523\" data-end=\"538\">Mikrogem\u00fcse<\/strong> anbauen? Mit dem <strong data-start=\"554\" data-end=\"586\">Tiny Treats &#8211; Peppery Crunch<\/strong> Kit z\u00fcchten Sie m\u00fchelos <strong data-start=\"611\" data-end=\"644\">Radieschen- und Rucola-Mikrogr\u00fcns<\/strong>, die voller Vitamine und einem k\u00f6stlich w\u00fcrzigen Geschmack sind. Ideal f\u00fcr Salate, Sandwiches, Sch\u00fcsseln und als Dekoration f\u00fcr Gerichte!<\/p>\n<p data-start=\"765\" data-end=\"1086\">Dieses <strong data-start=\"770\" data-end=\"792\">DIY-Komplettset<\/strong> enth\u00e4lt <strong data-start=\"799\" data-end=\"823\">2 wiederverwendbare Schalen<\/strong>, <strong data-start=\"825\" data-end=\"846\">Kokosnuss-Bl\u00e4hd\u00fcbel<\/strong> und <strong data-start=\"850\" data-end=\"867\">Premium-Samen<\/strong>, so dass Sie ohne Erde und ohne gro\u00dfen Aufwand beginnen k\u00f6nnen. Innerhalb von <strong data-start=\"922\" data-end=\"933\">7 Tagen<\/strong> k\u00f6nnen Sie die ersten Triebe ernten. Dank der mitgelieferten <strong data-start=\"993\" data-end=\"1015\">Pflegekarten<\/strong> und <strong data-start=\"1019\" data-end=\"1034\">Anleitungen<\/strong> ist dieses Projekt auch f\u00fcr Anf\u00e4nger ein gro\u00dfer Spa\u00df.<\/p>\n<p data-start=\"1088\" data-end=\"1170\">Perfekt als nachhaltiges Geschenk oder um Ihre eigenen gesunden, frischen Kr\u00e4uter zu Hause anzubauen!<\/p>\n","protected":false},"excerpt":{"rendered":"<p>Bauen Sie Ihre eigenen Teekr\u00e4uter mit dem Zesty Harmony Kit an! Genie\u00dfen Sie den erfrischenden Geschmack von Minze, Kamille und Zitronenmelisse, die Sie direkt in Ihrer eigenen K\u00fcche anbauen.<\/p>\n","protected":false},"featured_media":1394,"comment_status":"closed","ping_status":"closed","template":"","meta":{"_acf_changed":false},"product_brand":[],"product_cat":[45],"product_tag":[],"class_list":{"0":"post-1544","1":"product","2":"type-product","3":"status-publish","4":"has-post-thumbnail","6":"product_cat-coco-de","8":"first","9":"instock","10":"shipping-taxable","11":"product-type-simple"},"acf":[],"_links":{"self":[{"href":"https:\/\/growincoco.com\/de\/wp-json\/wp\/v2\/product\/1544","targetHints":{"allow":["GET"]}}],"collection":[{"href":"https:\/\/growincoco.com\/de\/wp-json\/wp\/v2\/product"}],"about":[{"href":"https:\/\/growincoco.com\/de\/wp-json\/wp\/v2\/types\/product"}],"replies":[{"embeddable":true,"href":"https:\/\/growincoco.com\/de\/wp-json\/wp\/v2\/comments?post=1544"}],"wp:featuredmedia":[{"embeddable":true,"href":"https:\/\/growincoco.com\/de\/wp-json\/wp\/v2\/media\/1394"}],"wp:attachment":[{"href":"https:\/\/growincoco.com\/de\/wp-json\/wp\/v2\/media?parent=1544"}],"wp:term":[{"taxonomy":"product_brand","embeddable":true,"href":"https:\/\/growincoco.com\/de\/wp-json\/wp\/v2\/product_brand?post=1544"},{"taxonomy":"product_cat","embeddable":true,"href":"https:\/\/growincoco.com\/de\/wp-json\/wp\/v2\/product_cat?post=1544"},{"taxonomy":"product_tag","embeddable":true,"href":"https:\/\/growincoco.com\/de\/wp-json\/wp\/v2\/product_tag?post=1544"}],"curies":[{"name":"wp","href":"https:\/\/api.w.org\/{rel}","templated":true}]}}