{"id":1542,"date":"2025-03-19T08:27:23","date_gmt":"2025-03-19T08:27:23","guid":{"rendered":"https:\/\/growincoco.com\/product\/the-sprout-box-veggie-feast\/"},"modified":"2025-03-27T07:40:10","modified_gmt":"2025-03-27T07:40:10","slug":"the-sprout-box-veggie-feast","status":"publish","type":"product","link":"https:\/\/growincoco.com\/de\/product\/the-sprout-box-veggie-feast\/","title":{"rendered":"The Sprout Box &#8211; Mini-Gemuse-Gewachshaus"},"content":{"rendered":"<p data-start=\"508\" data-end=\"929\">M\u00f6chten Sie Ihr eigenes frisches Gem\u00fcse anbauen, haben aber nur wenig Platz oder Erfahrung? <strong data-start=\"586\" data-end=\"619\">Die Sprout Box &#8211; Veggie Feast<\/strong> ist das perfekte <strong data-start=\"635\" data-end=\"649\">Starterkit<\/strong> f\u00fcr Ihren <strong data-start=\"658\" data-end=\"684\">eigenen Mini-Gem\u00fcsegarten<\/strong>! Dieses kompakte und robuste <strong data-start=\"712\" data-end=\"731\">Mini-Gew\u00e4chshaus<\/strong> bietet optimale Wachstumsbedingungen f\u00fcr <strong data-start=\"772\" data-end=\"807\">Paprika, Auberginen und Zucchini<\/strong>. Dank der <strong data-start=\"820\" data-end=\"841\">Kokosnuss-Bl\u00e4hd\u00fcbel<\/strong> und der mitgelieferten Pflegekarten k\u00f6nnen Sie ganz einfach mit dem Anbau beginnen, wo immer Sie auch wohnen.<\/p>\n<p data-start=\"931\" data-end=\"1200\">Die <strong data-start=\"934\" data-end=\"973\">biologisch abbaubaren Kokosnusspfropfen<\/strong> f\u00f6rdern ein gesundes Wurzelwachstum und bewahren eine optimale Feuchtigkeit, so dass die Samen schnell keimen k\u00f6nnen. Innerhalb weniger Wochen werden Sie die ersten Keimlinge sehen, und mit dem beiliegenden <strong data-start=\"1137\" data-end=\"1154\">Rezeptheft<\/strong> wissen Sie sofort, was Sie mit Ihrer Ernte anfangen k\u00f6nnen!<\/p>\n<p data-start=\"1202\" data-end=\"1434\">Ob Sie nun ein erfahrener G\u00e4rtner sind oder gerade erst anfangen, mit diesem Set wird die Gartenarbeit <strong data-start=\"1276\" data-end=\"1297\">einfach und macht Spa\u00df<\/strong> &#8211; in der K\u00fcche, auf dem Balkon oder im Garten. Ein tolles Geschenk f\u00fcr <strong data-start=\"1368\" data-end=\"1433\">Gartenliebhaber, Kinder oder jeden, der nachhaltiger leben m\u00f6chte<\/strong>.<\/p>\n","protected":false},"excerpt":{"rendered":"<p>Legen Sie Ihren eigenen Gem\u00fcsegarten an mit <strong data-start=\"224\" data-end=\"257\">The Sprout Box &#8211; Veggie Feast<\/strong>! Dieses komplette <strong data-start=\"273\" data-end=\"289\">Mini-Gew\u00e4chshaus zum Selbermachen<\/strong> enth\u00e4lt alles, was Sie f\u00fcr den Anbau von <strong data-start=\"323\" data-end=\"358\">Paprika, Auberginen und Zucchini<\/strong> ben\u00f6tigen, einschlie\u00dflich Samen, Quellsteckern und einer praktischen Anleitung. Ideal f\u00fcr Anf\u00e4nger und Gartenliebhaber!<\/p>\n","protected":false},"featured_media":1446,"comment_status":"closed","ping_status":"closed","template":"","meta":{"_acf_changed":false},"product_brand":[],"product_cat":[45],"product_tag":[],"class_list":{"0":"post-1542","1":"product","2":"type-product","3":"status-publish","4":"has-post-thumbnail","6":"product_cat-coco-de","8":"first","9":"instock","10":"shipping-taxable","11":"product-type-simple"},"acf":[],"_links":{"self":[{"href":"https:\/\/growincoco.com\/de\/wp-json\/wp\/v2\/product\/1542","targetHints":{"allow":["GET"]}}],"collection":[{"href":"https:\/\/growincoco.com\/de\/wp-json\/wp\/v2\/product"}],"about":[{"href":"https:\/\/growincoco.com\/de\/wp-json\/wp\/v2\/types\/product"}],"replies":[{"embeddable":true,"href":"https:\/\/growincoco.com\/de\/wp-json\/wp\/v2\/comments?post=1542"}],"wp:featuredmedia":[{"embeddable":true,"href":"https:\/\/growincoco.com\/de\/wp-json\/wp\/v2\/media\/1446"}],"wp:attachment":[{"href":"https:\/\/growincoco.com\/de\/wp-json\/wp\/v2\/media?parent=1542"}],"wp:term":[{"taxonomy":"product_brand","embeddable":true,"href":"https:\/\/growincoco.com\/de\/wp-json\/wp\/v2\/product_brand?post=1542"},{"taxonomy":"product_cat","embeddable":true,"href":"https:\/\/growincoco.com\/de\/wp-json\/wp\/v2\/product_cat?post=1542"},{"taxonomy":"product_tag","embeddable":true,"href":"https:\/\/growincoco.com\/de\/wp-json\/wp\/v2\/product_tag?post=1542"}],"curies":[{"name":"wp","href":"https:\/\/api.w.org\/{rel}","templated":true}]}}