{"id":1540,"date":"2025-04-19T08:26:52","date_gmt":"2025-04-19T08:26:52","guid":{"rendered":"https:\/\/growincoco.com\/product\/zesty-harmony-grow-your-own-tea-copy\/"},"modified":"2025-06-05T09:32:28","modified_gmt":"2025-06-05T09:32:28","slug":"zesty-harmony-grow-your-own-tea-copy","status":"publish","type":"product","link":"https:\/\/growincoco.com\/de\/product\/zesty-harmony-grow-your-own-tea-copy\/","title":{"rendered":"Mediterrane Magie | DIY Anbausatz"},"content":{"rendered":"<p data-start=\"546\" data-end=\"790\">Tr\u00e4umen Sie von frischem Basilikum, duftendem Oregano und saftigen Tomaten direkt aus Ihrer eigenen K\u00fcche? Mit dem <strong data-start=\"647\" data-end=\"686\">Flavourscapes &#8211; Mediterranean Magic<\/strong> Anbauset k\u00f6nnen Sie m\u00fchelos Ihre eigenen Gew\u00fcrze anbauen, <strong data-start=\"738\" data-end=\"788\">ohne einen Garten oder einen gr\u00fcnen Daumen zu ben\u00f6tigen!<\/strong> <\/p>\n<p data-start=\"792\" data-end=\"1058\">Dieses <strong data-start=\"806\" data-end=\"824\">Komplettset<\/strong> enth\u00e4lt <strong data-start=\"831\" data-end=\"869\">biologisch abbaubare Anzuchttaschen<\/strong>, einen <strong data-start=\"875\" data-end=\"905\">Kokosnussblock als N\u00e4hrboden<\/strong>, <strong data-start=\"907\" data-end=\"929\">hochwertiges Saatgut<\/strong> und ein <strong data-start=\"938\" data-end=\"956\">Rezeptheft<\/strong> mit vielen Anregungen. Alles, was Sie brauchen, um die reinen Aromen des Mittelmeers in Ihr Zuhause zu bringen! <\/p>\n<p data-start=\"1060\" data-end=\"1250\">Dank des haltbaren <strong data-start=\"1080\" data-end=\"1095\">Kokosnussbodens<\/strong> wachsen die Pflanzen optimal, ohne dass zus\u00e4tzliche Blumenerde ben\u00f6tigt wird. Ideal f\u00fcr den Einsatz <strong data-start=\"1186\" data-end=\"1247\">in der K\u00fcche, auf dem Balkon oder auf einer sonnigen Fensterbank<\/strong>. <\/p>\n<p data-start=\"1252\" data-end=\"1344\">Ein tolles Geschenk f\u00fcr <strong data-start=\"1277\" data-end=\"1344\">Kochbegeisterte, Hobbyk\u00f6che und alle, die nachhaltiger leben m\u00f6chten!<\/strong><\/p>\n","protected":false},"excerpt":{"rendered":"<p>Holen Sie sich die Aromen des Mittelmeers in Ihre K\u00fcche mit <strong data-start=\"282\" data-end=\"321\">Flavourscapes &#8211; Mediterranean Magic<\/strong>! Dieses <strong data-start=\"328\" data-end=\"344\">DIY-Anbauset<\/strong> enth\u00e4lt alles, was Sie brauchen, um <strong data-start=\"378\" data-end=\"411\">Basilikum, Oregano und Tomaten<\/strong> zu Hause anzubauen. Perfekt f\u00fcr Liebhaber von frischen Zutaten und mediterranen Gerichten! <\/p>\n","protected":false},"featured_media":2030,"comment_status":"closed","ping_status":"closed","template":"","meta":{"_acf_changed":false},"product_brand":[],"product_cat":[45],"product_tag":[],"class_list":{"0":"post-1540","1":"product","2":"type-product","3":"status-publish","4":"has-post-thumbnail","6":"product_cat-coco-de","8":"first","9":"instock","10":"shipping-taxable","11":"product-type-simple"},"acf":[],"_links":{"self":[{"href":"https:\/\/growincoco.com\/de\/wp-json\/wp\/v2\/product\/1540","targetHints":{"allow":["GET"]}}],"collection":[{"href":"https:\/\/growincoco.com\/de\/wp-json\/wp\/v2\/product"}],"about":[{"href":"https:\/\/growincoco.com\/de\/wp-json\/wp\/v2\/types\/product"}],"replies":[{"embeddable":true,"href":"https:\/\/growincoco.com\/de\/wp-json\/wp\/v2\/comments?post=1540"}],"wp:featuredmedia":[{"embeddable":true,"href":"https:\/\/growincoco.com\/de\/wp-json\/wp\/v2\/media\/2030"}],"wp:attachment":[{"href":"https:\/\/growincoco.com\/de\/wp-json\/wp\/v2\/media?parent=1540"}],"wp:term":[{"taxonomy":"product_brand","embeddable":true,"href":"https:\/\/growincoco.com\/de\/wp-json\/wp\/v2\/product_brand?post=1540"},{"taxonomy":"product_cat","embeddable":true,"href":"https:\/\/growincoco.com\/de\/wp-json\/wp\/v2\/product_cat?post=1540"},{"taxonomy":"product_tag","embeddable":true,"href":"https:\/\/growincoco.com\/de\/wp-json\/wp\/v2\/product_tag?post=1540"}],"curies":[{"name":"wp","href":"https:\/\/api.w.org\/{rel}","templated":true}]}}