{"id":1332,"date":"2025-03-17T16:41:44","date_gmt":"2025-03-17T16:41:44","guid":{"rendered":"https:\/\/growincoco.com\/product\/growincoco-kokosvezel-substraat-voor-orchideeen-5l\/"},"modified":"2025-03-27T12:40:01","modified_gmt":"2025-03-27T12:40:01","slug":"substratorchidee","status":"publish","type":"product","link":"https:\/\/growincoco.com\/de\/product\/substratorchidee\/","title":{"rendered":"Kokosfasersubstrat fur Orchideen &#8211; 3L"},"content":{"rendered":"<p>Geben Sie Ihren Orchideen mit diesem 100% torffreien Kokosfasersubstrat die perfekte Wachstumsgrundlage. Dank seines hervorragenden Wassermanagements, seiner luftigen Struktur und seiner N\u00e4hrstoffaufnahme f\u00f6rdert er eine gesunde Wurzelentwicklung und eine starke, bl\u00fchende Pflanze. Biologisch abbaubar und nachhaltig &#8211; ideal f\u00fcr umweltbewusstes G\u00e4rtnern.<\/p>\n","protected":false},"excerpt":{"rendered":"<p>Geben Sie Ihren Orchideen mit diesem 100% torffreien Kokosfasersubstrat die perfekte Wachstumsgrundlage. Dank seines hervorragenden Wassermanagements, seiner luftigen Struktur und seiner N\u00e4hrstoffaufnahme f\u00f6rdert er eine gesunde Wurzelentwicklung und eine starke, bl\u00fchende Pflanze. Biologisch abbaubar und nachhaltig &#8211; ideal f\u00fcr umweltbewusstes G\u00e4rtnern.<\/p>\n","protected":false},"featured_media":1171,"comment_status":"closed","ping_status":"closed","template":"","meta":{"_acf_changed":false},"product_brand":[],"product_cat":[69],"product_tag":[],"class_list":{"0":"post-1332","1":"product","2":"type-product","3":"status-publish","4":"has-post-thumbnail","6":"product_cat-substraat-2-de","8":"first","9":"instock","10":"shipping-taxable","11":"product-type-simple"},"acf":[],"_links":{"self":[{"href":"https:\/\/growincoco.com\/de\/wp-json\/wp\/v2\/product\/1332","targetHints":{"allow":["GET"]}}],"collection":[{"href":"https:\/\/growincoco.com\/de\/wp-json\/wp\/v2\/product"}],"about":[{"href":"https:\/\/growincoco.com\/de\/wp-json\/wp\/v2\/types\/product"}],"replies":[{"embeddable":true,"href":"https:\/\/growincoco.com\/de\/wp-json\/wp\/v2\/comments?post=1332"}],"wp:featuredmedia":[{"embeddable":true,"href":"https:\/\/growincoco.com\/de\/wp-json\/wp\/v2\/media\/1171"}],"wp:attachment":[{"href":"https:\/\/growincoco.com\/de\/wp-json\/wp\/v2\/media?parent=1332"}],"wp:term":[{"taxonomy":"product_brand","embeddable":true,"href":"https:\/\/growincoco.com\/de\/wp-json\/wp\/v2\/product_brand?post=1332"},{"taxonomy":"product_cat","embeddable":true,"href":"https:\/\/growincoco.com\/de\/wp-json\/wp\/v2\/product_cat?post=1332"},{"taxonomy":"product_tag","embeddable":true,"href":"https:\/\/growincoco.com\/de\/wp-json\/wp\/v2\/product_tag?post=1332"}],"curies":[{"name":"wp","href":"https:\/\/api.w.org\/{rel}","templated":true}]}}