{"id":1331,"date":"2025-03-18T15:27:22","date_gmt":"2025-03-18T15:27:22","guid":{"rendered":"https:\/\/growincoco.com\/product\/kokosvezel-substraat-voor-kamerplanten-3l\/"},"modified":"2025-03-27T08:12:34","modified_gmt":"2025-03-27T08:12:34","slug":"kokosvezel-substraat-voor-kamerplanten-3l","status":"publish","type":"product","link":"https:\/\/growincoco.com\/de\/product\/kokosvezel-substraat-voor-kamerplanten-3l\/","title":{"rendered":"Kokosfasersubstrat fur Zimmerpflanzen &#8211; 3L"},"content":{"rendered":"<p>Geben Sie Ihren Zimmerpflanzen die perfekte Wachstumsgrundlage mit diesem 100% torffreien Kokosfasersubstrat. Dank seiner hervorragenden Wasserr\u00fcckhaltung, seiner luftigen Struktur und seiner optimalen N\u00e4hrstoffaufnahme f\u00f6rdert es ein gesundes Wurzelwachstum und eine kr\u00e4ftige, \u00fcppige Pflanze. Biologisch abbaubar und nachhaltig &#8211; ideal f\u00fcr umweltbewusstes G\u00e4rtnern.<\/p>\n","protected":false},"excerpt":{"rendered":"<p>Geben Sie Ihren Zimmerpflanzen die perfekte Wachstumsgrundlage mit diesem 100% torffreien Kokosfasersubstrat. Dank seiner hervorragenden Wasserr\u00fcckhaltung, seiner luftigen Struktur und seiner optimalen N\u00e4hrstoffaufnahme f\u00f6rdert es ein gesundes Wurzelwachstum und eine kr\u00e4ftige, \u00fcppige Pflanze. Biologisch abbaubar und nachhaltig &#8211; ideal f\u00fcr umweltbewusstes G\u00e4rtnern.<\/p>\n","protected":false},"featured_media":1123,"comment_status":"closed","ping_status":"closed","template":"","meta":{"_acf_changed":false},"product_brand":[],"product_cat":[69],"product_tag":[],"class_list":{"0":"post-1331","1":"product","2":"type-product","3":"status-publish","4":"has-post-thumbnail","6":"product_cat-substraat-2-de","8":"first","9":"instock","10":"shipping-taxable","11":"product-type-simple"},"acf":[],"_links":{"self":[{"href":"https:\/\/growincoco.com\/de\/wp-json\/wp\/v2\/product\/1331","targetHints":{"allow":["GET"]}}],"collection":[{"href":"https:\/\/growincoco.com\/de\/wp-json\/wp\/v2\/product"}],"about":[{"href":"https:\/\/growincoco.com\/de\/wp-json\/wp\/v2\/types\/product"}],"replies":[{"embeddable":true,"href":"https:\/\/growincoco.com\/de\/wp-json\/wp\/v2\/comments?post=1331"}],"wp:featuredmedia":[{"embeddable":true,"href":"https:\/\/growincoco.com\/de\/wp-json\/wp\/v2\/media\/1123"}],"wp:attachment":[{"href":"https:\/\/growincoco.com\/de\/wp-json\/wp\/v2\/media?parent=1331"}],"wp:term":[{"taxonomy":"product_brand","embeddable":true,"href":"https:\/\/growincoco.com\/de\/wp-json\/wp\/v2\/product_brand?post=1331"},{"taxonomy":"product_cat","embeddable":true,"href":"https:\/\/growincoco.com\/de\/wp-json\/wp\/v2\/product_cat?post=1331"},{"taxonomy":"product_tag","embeddable":true,"href":"https:\/\/growincoco.com\/de\/wp-json\/wp\/v2\/product_tag?post=1331"}],"curies":[{"name":"wp","href":"https:\/\/api.w.org\/{rel}","templated":true}]}}