{"id":1330,"date":"2025-03-18T15:27:32","date_gmt":"2025-03-18T15:27:32","guid":{"rendered":"https:\/\/growincoco.com\/product\/kokosvezel-substraat-voor-orchideeen-5l-copy-copy\/"},"modified":"2025-03-27T08:14:48","modified_gmt":"2025-03-27T08:14:48","slug":"kokosvezel-substraat-voor-orchideeen-5l-copy-copy","status":"publish","type":"product","link":"https:\/\/growincoco.com\/de\/product\/kokosvezel-substraat-voor-orchideeen-5l-copy-copy\/","title":{"rendered":"Kokosfasersubstrat fur Kakteen\/Sukkulenten &#8211; 3L"},"content":{"rendered":"<p>Geben Sie Ihren Kakteen und Sukkulenten mit diesem 100% torffreien Kokosfasersubstrat die perfekte Wachstumsgrundlage. Dank seiner luftigen Struktur und der hervorragenden Drainage verhindert er Wurzelf\u00e4ule und f\u00f6rdert eine gesunde Wurzelentwicklung. Dieses nachhaltige und biologisch abbaubare Substrat ist ideal f\u00fcr kr\u00e4ftige, gesunde Pflanzen und umweltbewusstes G\u00e4rtnern.<\/p>\n","protected":false},"excerpt":{"rendered":"<p>Geben Sie Ihren Kakteen und Sukkulenten mit diesem 100% torffreien Kokosfasersubstrat die perfekte Wachstumsgrundlage. Dank seiner luftigen Struktur und der hervorragenden Drainage verhindert er Wurzelf\u00e4ule und f\u00f6rdert eine gesunde Wurzelentwicklung. Dieses nachhaltige und biologisch abbaubare Substrat ist ideal f\u00fcr kr\u00e4ftige, gesunde Pflanzen und umweltbewusstes G\u00e4rtnern.<\/p>\n","protected":false},"featured_media":1055,"comment_status":"closed","ping_status":"closed","template":"","meta":{"_acf_changed":false},"product_brand":[],"product_cat":[69],"product_tag":[],"class_list":{"0":"post-1330","1":"product","2":"type-product","3":"status-publish","4":"has-post-thumbnail","6":"product_cat-substraat-2-de","8":"first","9":"instock","10":"shipping-taxable","11":"product-type-simple"},"acf":[],"_links":{"self":[{"href":"https:\/\/growincoco.com\/de\/wp-json\/wp\/v2\/product\/1330","targetHints":{"allow":["GET"]}}],"collection":[{"href":"https:\/\/growincoco.com\/de\/wp-json\/wp\/v2\/product"}],"about":[{"href":"https:\/\/growincoco.com\/de\/wp-json\/wp\/v2\/types\/product"}],"replies":[{"embeddable":true,"href":"https:\/\/growincoco.com\/de\/wp-json\/wp\/v2\/comments?post=1330"}],"wp:featuredmedia":[{"embeddable":true,"href":"https:\/\/growincoco.com\/de\/wp-json\/wp\/v2\/media\/1055"}],"wp:attachment":[{"href":"https:\/\/growincoco.com\/de\/wp-json\/wp\/v2\/media?parent=1330"}],"wp:term":[{"taxonomy":"product_brand","embeddable":true,"href":"https:\/\/growincoco.com\/de\/wp-json\/wp\/v2\/product_brand?post=1330"},{"taxonomy":"product_cat","embeddable":true,"href":"https:\/\/growincoco.com\/de\/wp-json\/wp\/v2\/product_cat?post=1330"},{"taxonomy":"product_tag","embeddable":true,"href":"https:\/\/growincoco.com\/de\/wp-json\/wp\/v2\/product_tag?post=1330"}],"curies":[{"name":"wp","href":"https:\/\/api.w.org\/{rel}","templated":true}]}}